{"id":15913,"date":"2024-06-21T07:48:34","date_gmt":"2024-06-21T07:48:34","guid":{"rendered":"https:\/\/firstmemorialfairview.com\/?page_id=15913"},"modified":"2026-02-06T07:00:46","modified_gmt":"2026-02-06T07:00:46","slug":"tarif-de-cremation","status":"publish","type":"page","link":"https:\/\/firstmemorialfairview.com\/fr\/tarif-de-cremation\/","title":{"rendered":"Tarif De Cr\u00e9mation"},"content":{"rendered":"<p><div class=\"fusion-fullwidth fullwidth-box fusion-builder-row-1 fusion-flex-container has-pattern-background has-mask-background nonhundred-percent-fullwidth non-hundred-percent-height-scrolling\" style=\"--awb-border-radius-top-left:0px;--awb-border-radius-top-right:0px;--awb-border-radius-bottom-right:0px;--awb-border-radius-bottom-left:0px;--awb-padding-top:40px;--awb-padding-right:30px;--awb-padding-bottom:40px;--awb-padding-left:30px;--awb-flex-wrap:wrap;\" ><div class=\"fusion-builder-row fusion-row fusion-flex-align-items-flex-start fusion-flex-content-wrap\" style=\"max-width:1372.8px;margin-left: calc(-4% \/ 2 );margin-right: calc(-4% \/ 2 );\"><div class=\"fusion-layout-column fusion_builder_column fusion-builder-column-0 fusion_builder_column_1_1 1_1 fusion-flex-column\" style=\"--awb-bg-size:cover;--awb-width-large:100%;--awb-margin-top-large:10px;--awb-spacing-right-large:1.92%;--awb-margin-bottom-large:10px;--awb-spacing-left-large:1.92%;--awb-width-medium:100%;--awb-order-medium:0;--awb-spacing-right-medium:1.92%;--awb-spacing-left-medium:1.92%;--awb-width-small:100%;--awb-order-small:0;--awb-spacing-right-small:1.92%;--awb-spacing-left-small:1.92%;\"><div class=\"fusion-column-wrapper fusion-column-has-shadow fusion-flex-justify-content-flex-start fusion-content-layout-column\"><div class=\"fusion-title title fusion-title-1 fusion-sep-none fusion-title-center fusion-title-text fusion-title-size-one\" style=\"--awb-margin-top-small:10px;--awb-margin-right-small:0px;--awb-margin-bottom-small:10px;--awb-margin-left-small:0px;\"><h1 class=\"fusion-title-heading title-heading-center\" style=\"margin:0;\">TARIF DE CR\u00c9MATION<\/h1><\/div><div class=\"fusion-title title fusion-title-2 fusion-sep-none fusion-title-center fusion-title-text fusion-title-size-two\" style=\"--awb-margin-top-small:10px;--awb-margin-right-small:0px;--awb-margin-bottom-small:10px;--awb-margin-left-small:0px;--awb-font-size:26px;\"><h2 class=\"fusion-title-heading title-heading-center\" style=\"margin:0;font-size:1em;\">FIRST MEMORIAL SERVICES FUN\u00c9RAIRES EST LE FOURNISSEUR ORIGINAL DE CR\u00c9MATION DIRECTE \u00c0 FAIBLE CO\u00dbT \u00c0 OTTAWA<\/h2><\/div><\/div><\/div><div class=\"fusion-layout-column fusion_builder_column fusion-builder-column-1 fusion_builder_column_1_2 1_2 fusion-flex-column\" style=\"--awb-bg-size:cover;--awb-width-large:50%;--awb-margin-top-large:10px;--awb-spacing-right-large:3.84%;--awb-margin-bottom-large:10px;--awb-spacing-left-large:3.84%;--awb-width-medium:50%;--awb-order-medium:0;--awb-spacing-right-medium:3.84%;--awb-spacing-left-medium:3.84%;--awb-width-small:100%;--awb-order-small:0;--awb-spacing-right-small:1.92%;--awb-spacing-left-small:1.92%;\"><div class=\"fusion-column-wrapper fusion-column-has-shadow fusion-flex-justify-content-flex-start fusion-content-layout-column\"><div class=\"fusion-title title fusion-title-3 fusion-sep-none fusion-title-text fusion-title-size-three\" style=\"--awb-margin-top-small:10px;--awb-margin-right-small:0px;--awb-margin-bottom-small:10px;--awb-margin-left-small:0px;\"><h3 class=\"fusion-title-heading title-heading-left\" style=\"margin:0;\">1 820,10 $* FORFAIT DE CR\u00c9MATION INCLUT LA<br \/>\nCOORDINATION DE TOUTES LES ACTIVIT\u00c9S :<\/h3><\/div><div class=\"fusion-text fusion-text-1\"><ul>\n<li>Transport depuis le lieu du d\u00e9c\u00e8s (jusqu&rsquo;\u00e0 50 km)<\/li>\n<li>Enregistrement et documentation<\/li>\n<li>Pr\u00e9paration et h\u00e9bergement du corps<\/li>\n<li>Conteneur de cr\u00e9mation pour transporter le d\u00e9funt au cr\u00e9matorium<\/li>\n<li>Six certificats de preuve de d\u00e9c\u00e8s (copies suppl\u00e9mentaires 10 $ plus TVH)<\/li>\n<li>Frais de cr\u00e9mation dans notre \u00e9tablissement<\/li>\n<\/ul>\n<\/div><\/div><\/div><div class=\"fusion-layout-column fusion_builder_column fusion-builder-column-2 fusion_builder_column_1_2 1_2 fusion-flex-column\" style=\"--awb-bg-size:cover;--awb-width-large:50%;--awb-margin-top-large:10px;--awb-spacing-right-large:3.84%;--awb-margin-bottom-large:10px;--awb-spacing-left-large:3.84%;--awb-width-medium:50%;--awb-order-medium:0;--awb-spacing-right-medium:3.84%;--awb-spacing-left-medium:3.84%;--awb-width-small:100%;--awb-order-small:0;--awb-spacing-right-small:1.92%;--awb-spacing-left-small:1.92%;\"><div class=\"fusion-column-wrapper fusion-column-has-shadow fusion-flex-justify-content-flex-start fusion-content-layout-column\"><div class=\"fusion-title title fusion-title-4 fusion-sep-none fusion-title-text fusion-title-size-three\" style=\"--awb-margin-top-small:10px;--awb-margin-right-small:0px;--awb-margin-bottom-small:10px;--awb-margin-left-small:0px;\"><h3 class=\"fusion-title-heading title-heading-left\" style=\"margin:0;\">PLUS D\u00c9BOURS REQUIS*<\/h3><\/div><div class=\"fusion-text fusion-text-2 fusion-text-no-margin\" style=\"--awb-margin-bottom:30px;\"><p><strong>75 $<\/strong> \u2013 Certificat de cr\u00e9mation du coroner (frais provincial)<\/p>\n<p><strong>54 $<\/strong> \u2013 Frais d&rsquo;enregistrement de d\u00e9c\u00e8s \u00e0 l&rsquo;h\u00f4tel de ville (varie selon la municipalit\u00e9)<\/p>\n<p><strong>60 $<\/strong> \u2013 Co\u00fbt estim\u00e9 pour envoyer les restes incin\u00e9r\u00e9s \u00e0 une destination en Ontario<\/p>\n<p><strong>30 $<\/strong> \u2013 Frais de protection des consommateurs de la BAO<\/p>\n<p>Pr\u00e9arrangements fun\u00e9raires disponibles.<\/p>\n<p>*La TVH s&rsquo;applique sur les 1 820,10 $ du forfait de cr\u00e9mation simple et sur tout envoi. La TVH est d\u00e9j\u00e0 incluse dans les co\u00fbts indiqu\u00e9s pour les d\u00e9bours li\u00e9s \u00e0 l&rsquo;industrie requis. Les frais de d\u00e9bours peuvent changer.<\/p>\n<p>*Si une famille fournit une urne, des frais de manutention de 200$ seront appliqu\u00e9s pour emballer les restes incin\u00e9r\u00e9s dans le conteneur fourni par la famille.<\/p>\n<\/div><div ><a class=\"fusion-button button-flat fusion-button-default-size button-default fusion-button-default button-1 fusion-button-default-span fusion-button-default-type\" target=\"_self\" href=\"https:\/\/firstmemorialfairview.com\/wp-content\/uploads\/2026\/01\/2026-01-26-FMFS-General-pricelist.pdf\"><span class=\"fusion-button-text awb-button__text awb-button__text--default\">LISTE G\u00c9N\u00c9RALE DES PRIX<\/span><\/a><\/div><\/div><\/div><\/div><\/div><div class=\"fusion-fullwidth fullwidth-box fusion-builder-row-2 fusion-flex-container has-pattern-background has-mask-background nonhundred-percent-fullwidth non-hundred-percent-height-scrolling\" style=\"--awb-border-radius-top-left:0px;--awb-border-radius-top-right:0px;--awb-border-radius-bottom-right:0px;--awb-border-radius-bottom-left:0px;--awb-margin-bottom:60px;--awb-flex-wrap:wrap;\" ><div class=\"fusion-builder-row fusion-row fusion-flex-align-items-flex-start fusion-flex-content-wrap\" style=\"max-width:1372.8px;margin-left: calc(-4% \/ 2 );margin-right: calc(-4% \/ 2 );\"><div class=\"fusion-layout-column fusion_builder_column fusion-builder-column-3 fusion_builder_column_1_1 1_1 fusion-flex-column\" style=\"--awb-bg-size:cover;--awb-width-large:100%;--awb-margin-top-large:10px;--awb-spacing-right-large:1.92%;--awb-margin-bottom-large:10px;--awb-spacing-left-large:1.92%;--awb-width-medium:100%;--awb-order-medium:0;--awb-spacing-right-medium:1.92%;--awb-spacing-left-medium:1.92%;--awb-width-small:100%;--awb-order-small:0;--awb-spacing-right-small:1.92%;--awb-spacing-left-small:1.92%;\"><div class=\"fusion-column-wrapper fusion-column-has-shadow fusion-flex-justify-content-flex-start fusion-content-layout-column\"><div class=\"fusion-title title fusion-title-5 fusion-sep-none fusion-title-center fusion-title-text fusion-title-size-two\" style=\"--awb-margin-top-small:10px;--awb-margin-right-small:0px;--awb-margin-bottom-small:10px;--awb-margin-left-small:0px;\"><h2 class=\"fusion-title-heading title-heading-center\" style=\"margin:0;\">R\u00e9ponses \u00e0 vos questions : Foire aux questions<\/h2><\/div><div class=\"accordian fusion-accordian\" style=\"--awb-border-size:1px;--awb-icon-size:16px;--awb-content-font-size:var(--awb-typography4-font-size);--awb-icon-alignment:left;--awb-hover-color:var(--awb-color2);--awb-border-color:var(--awb-color3);--awb-background-color:var(--awb-color1);--awb-divider-color:var(--awb-color3);--awb-divider-hover-color:var(--awb-color3);--awb-icon-color:var(--awb-color1);--awb-title-color:#295080;--awb-content-color:#295080;--awb-icon-box-color:#295080;--awb-toggle-hover-accent-color:var(--awb-color5);--awb-title-font-family:var(--awb-typography1-font-family);--awb-title-font-weight:var(--awb-typography1-font-weight);--awb-title-font-style:var(--awb-typography1-font-style);--awb-title-font-size:24px;--awb-title-letter-spacing:var(--awb-typography1-letter-spacing);--awb-title-line-height:var(--awb-typography1-line-height);--awb-content-font-family:var(--awb-typography4-font-family);--awb-content-font-weight:var(--awb-typography4-font-weight);--awb-content-font-style:var(--awb-typography4-font-style);\"><div class=\"panel-group fusion-toggle-icon-boxed\" id=\"accordion-15913-1\"><div class=\"fusion-panel panel-default panel-9ef0316f139f20530 fusion-toggle-has-divider\" style=\"--awb-title-color:#295080;--awb-content-color:var(--awb-color8);\"><div class=\"panel-heading\"><h4 class=\"panel-title toggle\" id=\"toggle_9ef0316f139f20530\"><a aria-expanded=\"false\" aria-controls=\"9ef0316f139f20530\" role=\"button\" data-toggle=\"collapse\" data-parent=\"#accordion-15913-1\" data-target=\"#9ef0316f139f20530\" href=\"#9ef0316f139f20530\"><span class=\"fusion-toggle-icon-wrapper\" aria-hidden=\"true\"><i class=\"fa-fusion-box active-icon awb-icon-minus\" aria-hidden=\"true\"><\/i><i class=\"fa-fusion-box inactive-icon awb-icon-plus\" aria-hidden=\"true\"><\/i><\/span><span class=\"fusion-toggle-heading\">Qu\u2019est-ce qui est inclus dans votre forfait de cr\u00e9mation \u00e0 1820.10 $ \u00e0 Ottawa?<\/span><\/a><\/h4><\/div><div id=\"9ef0316f139f20530\" class=\"panel-collapse collapse \" aria-labelledby=\"toggle_9ef0316f139f20530\"><div class=\"panel-body toggle-content fusion-clearfix\">\n<p>Notre forfait de cr\u00e9mation \u00e0 1820.10 $ \u00e0 Ottawa comprend la coordination compl\u00e8te des services, y compris le transport (dans un rayon de 50 km), l\u2019enregistrement et la documentation, l\u2019h\u00e9bergement du d\u00e9funt, un contenant de cr\u00e9mation, six certificats de d\u00e9c\u00e8s et les frais de cr\u00e9mation. Ce prix inclut tous les d\u00e9bours et les taxes applicables, assurant un tarif transparent et tout inclus. Avec tous les services essentiels couverts, vous pouvez avoir l\u2019esprit tranquille en sachant qu\u2019il n\u2019y a aucuns frais cach\u00e9s.<\/p>\n<\/div><\/div><\/div><div class=\"fusion-panel panel-default panel-957a6627c42ed0a86 fusion-toggle-has-divider\" style=\"--awb-title-color:#295080;--awb-content-color:var(--awb-color8);\"><div class=\"panel-heading\"><h4 class=\"panel-title toggle\" id=\"toggle_957a6627c42ed0a86\"><a aria-expanded=\"false\" aria-controls=\"957a6627c42ed0a86\" role=\"button\" data-toggle=\"collapse\" data-parent=\"#accordion-15913-1\" data-target=\"#957a6627c42ed0a86\" href=\"#957a6627c42ed0a86\"><span class=\"fusion-toggle-icon-wrapper\" aria-hidden=\"true\"><i class=\"fa-fusion-box active-icon awb-icon-minus\" aria-hidden=\"true\"><\/i><i class=\"fa-fusion-box inactive-icon awb-icon-plus\" aria-hidden=\"true\"><\/i><\/span><span class=\"fusion-toggle-heading\">Puis-je garantir le co\u00fbt actuel de la cr\u00e9mation en Ontario gr\u00e2ce \u00e0 une pr\u00e9arrangement?<\/span><\/a><\/h4><\/div><div id=\"957a6627c42ed0a86\" class=\"panel-collapse collapse \" aria-labelledby=\"toggle_957a6627c42ed0a86\"><div class=\"panel-body toggle-content fusion-clearfix\">\n<p>En choisissant <a href=\"https:\/\/firstmemorialfairview.com\/fr\/prearrangements\/\">nos services de pr\u00e9arrangement<\/a>, vous pouvez garantir le co\u00fbt actuel de la cr\u00e9mation en Ontario, prot\u00e9geant ainsi votre famille contre d\u2019\u00e9ventuelles hausses de prix. Cette approche est id\u00e9ale pour ceux qui souhaitent planifier \u00e0 l\u2019avance et \u00e9viter un fardeau financier \u00e0 leurs proches.<\/p>\n<\/div><\/div><\/div><div class=\"fusion-panel panel-default panel-af8104b625c091390 fusion-toggle-has-divider\" style=\"--awb-title-color:#295080;--awb-content-color:var(--awb-color8);\"><div class=\"panel-heading\"><h4 class=\"panel-title toggle\" id=\"toggle_af8104b625c091390\"><a aria-expanded=\"false\" aria-controls=\"af8104b625c091390\" role=\"button\" data-toggle=\"collapse\" data-parent=\"#accordion-15913-1\" data-target=\"#af8104b625c091390\" href=\"#af8104b625c091390\"><span class=\"fusion-toggle-icon-wrapper\" aria-hidden=\"true\"><i class=\"fa-fusion-box active-icon awb-icon-minus\" aria-hidden=\"true\"><\/i><i class=\"fa-fusion-box inactive-icon awb-icon-plus\" aria-hidden=\"true\"><\/i><\/span><span class=\"fusion-toggle-heading\">Y a-t-il un frais si nous fournissons notre propre urne?<\/span><\/a><\/h4><\/div><div id=\"af8104b625c091390\" class=\"panel-collapse collapse \" aria-labelledby=\"toggle_af8104b625c091390\"><div class=\"panel-body toggle-content fusion-clearfix\">\n<p>Oui. Si une famille fournit sa propre urne, des frais de manutention de 125 $ s\u2019appliquent pour s\u2019assurer que les cendres sont emball\u00e9es de mani\u00e8re s\u00e9curitaire et respectueuse. Cette option permet de personnaliser tout en maintenant un co\u00fbt de cr\u00e9mation abordable.<\/p>\n<\/div><\/div><\/div><div class=\"fusion-panel panel-default panel-d6956348d74bda2c7 fusion-toggle-has-divider\" style=\"--awb-title-color:#295080;--awb-content-color:var(--awb-color8);\"><div class=\"panel-heading\"><h4 class=\"panel-title toggle\" id=\"toggle_d6956348d74bda2c7\"><a aria-expanded=\"false\" aria-controls=\"d6956348d74bda2c7\" role=\"button\" data-toggle=\"collapse\" data-parent=\"#accordion-15913-1\" data-target=\"#d6956348d74bda2c7\" href=\"#d6956348d74bda2c7\"><span class=\"fusion-toggle-icon-wrapper\" aria-hidden=\"true\"><i class=\"fa-fusion-box active-icon awb-icon-minus\" aria-hidden=\"true\"><\/i><i class=\"fa-fusion-box inactive-icon awb-icon-plus\" aria-hidden=\"true\"><\/i><\/span><span class=\"fusion-toggle-heading\">Dans combien de temps les arrangements de cr\u00e9mation peuvent-ils \u00eatre faits en situation urgente?<\/span><\/a><\/h4><\/div><div id=\"d6956348d74bda2c7\" class=\"panel-collapse collapse \" aria-labelledby=\"toggle_d6956348d74bda2c7\"><div class=\"panel-body toggle-content fusion-clearfix\">\n<p>Nous comprenons que le temps est crucial en p\u00e9riode de deuil. Notre \u00e9quipe peut amorcer les arrangements de cr\u00e9mation rapidement , g\u00e9n\u00e9ralement en quelques heures, une fois les documents et approbations n\u00e9cessaires obtenus. Nous visons \u00e0 r\u00e9duire le stress en offrant un soutien clair \u00e0 chaque \u00e9tape.<\/p>\n<\/div><\/div><\/div><div class=\"fusion-panel panel-default panel-940df394b1321a1d6 fusion-toggle-has-divider\" style=\"--awb-title-color:#295080;--awb-content-color:var(--awb-color8);\"><div class=\"panel-heading\"><h4 class=\"panel-title toggle\" id=\"toggle_940df394b1321a1d6\"><a aria-expanded=\"false\" aria-controls=\"940df394b1321a1d6\" role=\"button\" data-toggle=\"collapse\" data-parent=\"#accordion-15913-1\" data-target=\"#940df394b1321a1d6\" href=\"#940df394b1321a1d6\"><span class=\"fusion-toggle-icon-wrapper\" aria-hidden=\"true\"><i class=\"fa-fusion-box active-icon awb-icon-minus\" aria-hidden=\"true\"><\/i><i class=\"fa-fusion-box inactive-icon awb-icon-plus\" aria-hidden=\"true\"><\/i><\/span><span class=\"fusion-toggle-heading\">Offrez-vous des outils num\u00e9riques pour comparer les prix de cr\u00e9mation \u00e0 Ottawa?<\/span><\/a><\/h4><\/div><div id=\"940df394b1321a1d6\" class=\"panel-collapse collapse \" aria-labelledby=\"toggle_940df394b1321a1d6\"><div class=\"panel-body toggle-content fusion-clearfix\">\n<p>Oui. Notre site web fournit un aper\u00e7u <a href=\"https:\/\/firstmemorialfairview.com\/wp-content\/uploads\/2025\/01\/FMFS-General-Price-List-3620_GPL_enUS_20250106.pdf\" target=\"_blank\" rel=\"noopener\">complet du co\u00fbt de la cr\u00e9mation \u00e0 Ottawa<\/a>, incluant les services optionnels et les d\u00e9bours requis. Pour plus de commodit\u00e9, nous offrons \u00e9galement des <a href=\"tel:613.860.2424\">consultations t\u00e9l\u00e9phoniques<\/a> et un <a href=\"mailto:info@firstmemorialfairview.com\">soutien par courriel<\/a> pour ceux qui pr\u00e9f\u00e8rent un accompagnement personnalis\u00e9.<\/p>\n<\/div><\/div><\/div><\/div><\/div><\/div><\/div><\/div><\/div><\/p>\n","protected":false},"excerpt":{"rendered":"","protected":false},"author":1,"featured_media":0,"parent":0,"menu_order":0,"comment_status":"closed","ping_status":"closed","template":"100-width.php","meta":{"_acf_changed":false,"footnotes":""},"class_list":["post-15913","page","type-page","status-publish","hentry"],"acf":[],"yoast_head":"<!-- This site is optimized with the Yoast SEO plugin v27.3 - https:\/\/yoast.com\/product\/yoast-seo-wordpress\/ -->\n<title>Tarif De Cr\u00e9mation - First Memorial Fair View<\/title>\n<meta name=\"robots\" content=\"index, follow, max-snippet:-1, max-image-preview:large, max-video-preview:-1\" \/>\n<link rel=\"canonical\" href=\"https:\/\/firstmemorialfairview.com\/fr\/tarif-de-cremation\/\" \/>\n<meta property=\"og:locale\" content=\"fr_FR\" \/>\n<meta property=\"og:type\" content=\"article\" \/>\n<meta property=\"og:title\" content=\"Tarif De Cr\u00e9mation - First Memorial Fair View\" \/>\n<meta property=\"og:url\" content=\"https:\/\/firstmemorialfairview.com\/fr\/tarif-de-cremation\/\" \/>\n<meta property=\"og:site_name\" content=\"First Memorial Fair View\" \/>\n<meta property=\"article:modified_time\" content=\"2026-02-06T07:00:46+00:00\" \/>\n<meta name=\"twitter:card\" content=\"summary_large_image\" \/>\n<meta name=\"twitter:label1\" content=\"Dur\u00e9e de lecture estim\u00e9e\" \/>\n\t<meta name=\"twitter:data1\" content=\"3 minutes\" \/>\n<script type=\"application\/ld+json\" class=\"yoast-schema-graph\">{\"@context\":\"https:\\\/\\\/schema.org\",\"@graph\":[{\"@type\":\"WebPage\",\"@id\":\"https:\\\/\\\/firstmemorialfairview.com\\\/fr\\\/tarif-de-cremation\\\/\",\"url\":\"https:\\\/\\\/firstmemorialfairview.com\\\/fr\\\/tarif-de-cremation\\\/\",\"name\":\"Tarif De Cr\u00e9mation - First Memorial Fair View\",\"isPartOf\":{\"@id\":\"https:\\\/\\\/firstmemorialfairview.com\\\/fr\\\/#website\"},\"datePublished\":\"2024-06-21T07:48:34+00:00\",\"dateModified\":\"2026-02-06T07:00:46+00:00\",\"breadcrumb\":{\"@id\":\"https:\\\/\\\/firstmemorialfairview.com\\\/fr\\\/tarif-de-cremation\\\/#breadcrumb\"},\"inLanguage\":\"fr-FR\",\"potentialAction\":[{\"@type\":\"ReadAction\",\"target\":[\"https:\\\/\\\/firstmemorialfairview.com\\\/fr\\\/tarif-de-cremation\\\/\"]}]},{\"@type\":\"BreadcrumbList\",\"@id\":\"https:\\\/\\\/firstmemorialfairview.com\\\/fr\\\/tarif-de-cremation\\\/#breadcrumb\",\"itemListElement\":[{\"@type\":\"ListItem\",\"position\":1,\"name\":\"Home\",\"item\":\"https:\\\/\\\/firstmemorialfairview.com\\\/fr\\\/homepage\\\/\"},{\"@type\":\"ListItem\",\"position\":2,\"name\":\"Tarif De Cr\u00e9mation\"}]},{\"@type\":\"WebSite\",\"@id\":\"https:\\\/\\\/firstmemorialfairview.com\\\/fr\\\/#website\",\"url\":\"https:\\\/\\\/firstmemorialfairview.com\\\/fr\\\/\",\"name\":\"First Memorial Fair View\",\"description\":\"Your SUPER-powered WP Engine Site\",\"publisher\":{\"@id\":\"https:\\\/\\\/firstmemorialfairview.com\\\/fr\\\/#organization\"},\"potentialAction\":[{\"@type\":\"SearchAction\",\"target\":{\"@type\":\"EntryPoint\",\"urlTemplate\":\"https:\\\/\\\/firstmemorialfairview.com\\\/fr\\\/?s={search_term_string}\"},\"query-input\":{\"@type\":\"PropertyValueSpecification\",\"valueRequired\":true,\"valueName\":\"search_term_string\"}}],\"inLanguage\":\"fr-FR\"},{\"@type\":\"Organization\",\"@id\":\"https:\\\/\\\/firstmemorialfairview.com\\\/fr\\\/#organization\",\"name\":\"First Memorial Funeral Services\",\"url\":\"https:\\\/\\\/firstmemorialfairview.com\\\/fr\\\/\",\"logo\":{\"@type\":\"ImageObject\",\"inLanguage\":\"fr-FR\",\"@id\":\"https:\\\/\\\/firstmemorialfairview.com\\\/fr\\\/#\\\/schema\\\/logo\\\/image\\\/\",\"url\":\"https:\\\/\\\/firstmemorialfairview.com\\\/wp-content\\\/uploads\\\/2022\\\/07\\\/logo.png\",\"contentUrl\":\"https:\\\/\\\/firstmemorialfairview.com\\\/wp-content\\\/uploads\\\/2022\\\/07\\\/logo.png\",\"width\":190,\"height\":117,\"caption\":\"First Memorial Funeral Services\"},\"image\":{\"@id\":\"https:\\\/\\\/firstmemorialfairview.com\\\/fr\\\/#\\\/schema\\\/logo\\\/image\\\/\"}}]}<\/script>\n<!-- \/ Yoast SEO plugin. -->","yoast_head_json":{"title":"Tarif De Cr\u00e9mation - First Memorial Fair View","robots":{"index":"index","follow":"follow","max-snippet":"max-snippet:-1","max-image-preview":"max-image-preview:large","max-video-preview":"max-video-preview:-1"},"canonical":"https:\/\/firstmemorialfairview.com\/fr\/tarif-de-cremation\/","og_locale":"fr_FR","og_type":"article","og_title":"Tarif De Cr\u00e9mation - First Memorial Fair View","og_url":"https:\/\/firstmemorialfairview.com\/fr\/tarif-de-cremation\/","og_site_name":"First Memorial Fair View","article_modified_time":"2026-02-06T07:00:46+00:00","twitter_card":"summary_large_image","twitter_misc":{"Dur\u00e9e de lecture estim\u00e9e":"3 minutes"},"schema":{"@context":"https:\/\/schema.org","@graph":[{"@type":"WebPage","@id":"https:\/\/firstmemorialfairview.com\/fr\/tarif-de-cremation\/","url":"https:\/\/firstmemorialfairview.com\/fr\/tarif-de-cremation\/","name":"Tarif De Cr\u00e9mation - First Memorial Fair View","isPartOf":{"@id":"https:\/\/firstmemorialfairview.com\/fr\/#website"},"datePublished":"2024-06-21T07:48:34+00:00","dateModified":"2026-02-06T07:00:46+00:00","breadcrumb":{"@id":"https:\/\/firstmemorialfairview.com\/fr\/tarif-de-cremation\/#breadcrumb"},"inLanguage":"fr-FR","potentialAction":[{"@type":"ReadAction","target":["https:\/\/firstmemorialfairview.com\/fr\/tarif-de-cremation\/"]}]},{"@type":"BreadcrumbList","@id":"https:\/\/firstmemorialfairview.com\/fr\/tarif-de-cremation\/#breadcrumb","itemListElement":[{"@type":"ListItem","position":1,"name":"Home","item":"https:\/\/firstmemorialfairview.com\/fr\/homepage\/"},{"@type":"ListItem","position":2,"name":"Tarif De Cr\u00e9mation"}]},{"@type":"WebSite","@id":"https:\/\/firstmemorialfairview.com\/fr\/#website","url":"https:\/\/firstmemorialfairview.com\/fr\/","name":"First Memorial Fair View","description":"Your SUPER-powered WP Engine Site","publisher":{"@id":"https:\/\/firstmemorialfairview.com\/fr\/#organization"},"potentialAction":[{"@type":"SearchAction","target":{"@type":"EntryPoint","urlTemplate":"https:\/\/firstmemorialfairview.com\/fr\/?s={search_term_string}"},"query-input":{"@type":"PropertyValueSpecification","valueRequired":true,"valueName":"search_term_string"}}],"inLanguage":"fr-FR"},{"@type":"Organization","@id":"https:\/\/firstmemorialfairview.com\/fr\/#organization","name":"First Memorial Funeral Services","url":"https:\/\/firstmemorialfairview.com\/fr\/","logo":{"@type":"ImageObject","inLanguage":"fr-FR","@id":"https:\/\/firstmemorialfairview.com\/fr\/#\/schema\/logo\/image\/","url":"https:\/\/firstmemorialfairview.com\/wp-content\/uploads\/2022\/07\/logo.png","contentUrl":"https:\/\/firstmemorialfairview.com\/wp-content\/uploads\/2022\/07\/logo.png","width":190,"height":117,"caption":"First Memorial Funeral Services"},"image":{"@id":"https:\/\/firstmemorialfairview.com\/fr\/#\/schema\/logo\/image\/"}}]}},"_links":{"self":[{"href":"https:\/\/firstmemorialfairview.com\/fr\/wp-json\/wp\/v2\/pages\/15913","targetHints":{"allow":["GET"]}}],"collection":[{"href":"https:\/\/firstmemorialfairview.com\/fr\/wp-json\/wp\/v2\/pages"}],"about":[{"href":"https:\/\/firstmemorialfairview.com\/fr\/wp-json\/wp\/v2\/types\/page"}],"author":[{"embeddable":true,"href":"https:\/\/firstmemorialfairview.com\/fr\/wp-json\/wp\/v2\/users\/1"}],"replies":[{"embeddable":true,"href":"https:\/\/firstmemorialfairview.com\/fr\/wp-json\/wp\/v2\/comments?post=15913"}],"version-history":[{"count":0,"href":"https:\/\/firstmemorialfairview.com\/fr\/wp-json\/wp\/v2\/pages\/15913\/revisions"}],"wp:attachment":[{"href":"https:\/\/firstmemorialfairview.com\/fr\/wp-json\/wp\/v2\/media?parent=15913"}],"curies":[{"name":"wp","href":"https:\/\/api.w.org\/{rel}","templated":true}]}}