{"id":14321,"date":"2022-07-12T13:21:19","date_gmt":"2022-07-12T13:21:19","guid":{"rendered":"https:\/\/firstmemorialfairview.com\/?page_id=14321"},"modified":"2022-10-18T15:34:10","modified_gmt":"2022-10-18T15:34:10","slug":"cornwall","status":"publish","type":"page","link":"https:\/\/firstmemorialfairview.com\/fr\/emplacements\/cornwall\/","title":{"rendered":"Cornwall"},"content":{"rendered":"<p><div class=\"fusion-fullwidth fullwidth-box fusion-builder-row-1 fusion-flex-container nonhundred-percent-fullwidth non-hundred-percent-height-scrolling\" style=\"--awb-border-radius-top-left:0px;--awb-border-radius-top-right:0px;--awb-border-radius-bottom-right:0px;--awb-border-radius-bottom-left:0px;--awb-padding-top:50px;--awb-padding-bottom:50px;--awb-flex-wrap:wrap;\" ><div class=\"fusion-builder-row fusion-row fusion-flex-align-items-flex-start fusion-flex-content-wrap\" style=\"max-width:1372.8px;margin-left: calc(-4% \/ 2 );margin-right: calc(-4% \/ 2 );\"><div class=\"fusion-layout-column fusion_builder_column fusion-builder-column-0 fusion_builder_column_1_1 1_1 fusion-flex-column\" style=\"--awb-bg-size:cover;--awb-width-large:100%;--awb-margin-top-large:10px;--awb-spacing-right-large:1.92%;--awb-margin-bottom-large:10px;--awb-spacing-left-large:1.92%;--awb-width-medium:100%;--awb-order-medium:0;--awb-spacing-right-medium:1.92%;--awb-spacing-left-medium:1.92%;--awb-width-small:100%;--awb-order-small:0;--awb-spacing-right-small:1.92%;--awb-spacing-left-small:1.92%;\"><div class=\"fusion-column-wrapper fusion-column-has-shadow fusion-flex-justify-content-flex-start fusion-content-layout-column\"><div class=\"fusion-title title fusion-title-1 fusion-sep-none fusion-title-center fusion-title-text fusion-title-size-one\" style=\"--awb-margin-top-small:10px;--awb-margin-right-small:0px;--awb-margin-bottom-small:10px;--awb-margin-left-small:0px;\"><h1 class=\"fusion-title-heading title-heading-center\" style=\"margin:0;\">CORNWALL<\/h1><\/div><\/div><\/div><div class=\"fusion-layout-column fusion_builder_column fusion-builder-column-1 fusion_builder_column_1_2 1_2 fusion-flex-column\" style=\"--awb-bg-size:cover;--awb-width-large:50%;--awb-margin-top-large:10px;--awb-spacing-right-large:3.84%;--awb-margin-bottom-large:10px;--awb-spacing-left-large:3.84%;--awb-width-medium:50%;--awb-order-medium:0;--awb-spacing-right-medium:3.84%;--awb-spacing-left-medium:3.84%;--awb-width-small:100%;--awb-order-small:0;--awb-spacing-right-small:1.92%;--awb-spacing-left-small:1.92%;\"><div class=\"fusion-column-wrapper fusion-column-has-shadow fusion-flex-justify-content-flex-start fusion-content-layout-column\"><div class=\"fusion-title title fusion-title-2 fusion-sep-none fusion-title-text fusion-title-size-three\" style=\"--awb-margin-top-small:10px;--awb-margin-right-small:0px;--awb-margin-bottom-small:10px;--awb-margin-left-small:0px;\"><h3 class=\"fusion-title-heading title-heading-left\" style=\"margin:0;\">SALON FUN\u00c9RAIRE ET SERVICES DE CR\u00c9MATION \u00c0 CORNWALL<\/h3><\/div><div class=\"fusion-text fusion-text-1\"><p>Lorsque vous cherchez un salon fun\u00e9raire \u00e0 Cornwall, il est important d&rsquo;en choisir un qui offre des services \u00e0 des prix abordables et qui peut compter sur un personnel compatissant et compr\u00e9hensif. En tant que l&rsquo;un des principaux salons fun\u00e9raires et services de cr\u00e9mation au Canada, <a href=\"\/fr\/prearrangements\/\">Les services fun\u00e9raires First Memorial<\/a> sont au service de la communaut\u00e9 depuis plus de deux\u202fd\u00e9cennies, offrant des solutions abordables aux familles qui en ont besoin.<\/p>\n<\/div><\/div><\/div><div class=\"fusion-layout-column fusion_builder_column fusion-builder-column-2 fusion_builder_column_1_2 1_2 fusion-flex-column\" style=\"--awb-bg-size:cover;--awb-width-large:50%;--awb-margin-top-large:10px;--awb-spacing-right-large:3.84%;--awb-margin-bottom-large:10px;--awb-spacing-left-large:3.84%;--awb-width-medium:50%;--awb-order-medium:0;--awb-spacing-right-medium:3.84%;--awb-spacing-left-medium:3.84%;--awb-width-small:100%;--awb-order-small:0;--awb-spacing-right-small:1.92%;--awb-spacing-left-small:1.92%;\"><div class=\"fusion-column-wrapper fusion-column-has-shadow fusion-flex-justify-content-flex-start fusion-content-layout-column\"><div class=\"fusion-image-element \" style=\"--awb-caption-title-font-family:var(--h2_typography-font-family);--awb-caption-title-font-weight:var(--h2_typography-font-weight);--awb-caption-title-font-style:var(--h2_typography-font-style);--awb-caption-title-size:var(--h2_typography-font-size);--awb-caption-title-transform:var(--h2_typography-text-transform);--awb-caption-title-line-height:var(--h2_typography-line-height);--awb-caption-title-letter-spacing:var(--h2_typography-letter-spacing);\"><span class=\" fusion-imageframe imageframe-none imageframe-1 hover-type-none\"><img decoding=\"async\" width=\"800\" height=\"300\" alt=\"Cornwall\" title=\"007\" src=\"https:\/\/firstmemorialfairview.com\/wp-content\/uploads\/2022\/09\/007.jpg\" class=\"img-responsive wp-image-14054\" srcset=\"https:\/\/firstmemorialfairview.com\/wp-content\/uploads\/2022\/09\/007-200x75.jpg 200w, https:\/\/firstmemorialfairview.com\/wp-content\/uploads\/2022\/09\/007-400x150.jpg 400w, https:\/\/firstmemorialfairview.com\/wp-content\/uploads\/2022\/09\/007-600x225.jpg 600w, https:\/\/firstmemorialfairview.com\/wp-content\/uploads\/2022\/09\/007.jpg 800w\" sizes=\"(max-width: 640px) 100vw, 800px\" \/><\/span><\/div><\/div><\/div><\/div><\/div><div class=\"fusion-fullwidth fullwidth-box fusion-builder-row-2 fusion-flex-container nonhundred-percent-fullwidth non-hundred-percent-height-scrolling\" style=\"--awb-border-radius-top-left:0px;--awb-border-radius-top-right:0px;--awb-border-radius-bottom-right:0px;--awb-border-radius-bottom-left:0px;--awb-padding-top:50px;--awb-padding-bottom:50px;--awb-background-color:#e5ecf4;--awb-flex-wrap:wrap;\" ><div class=\"fusion-builder-row fusion-row fusion-flex-align-items-flex-start fusion-flex-content-wrap\" style=\"max-width:1372.8px;margin-left: calc(-4% \/ 2 );margin-right: calc(-4% \/ 2 );\"><div class=\"fusion-layout-column fusion_builder_column fusion-builder-column-3 fusion_builder_column_1_1 1_1 fusion-flex-column\" style=\"--awb-bg-size:cover;--awb-width-large:100%;--awb-margin-top-large:10px;--awb-spacing-right-large:1.92%;--awb-margin-bottom-large:10px;--awb-spacing-left-large:1.92%;--awb-width-medium:100%;--awb-order-medium:0;--awb-spacing-right-medium:1.92%;--awb-spacing-left-medium:1.92%;--awb-width-small:100%;--awb-order-small:0;--awb-spacing-right-small:1.92%;--awb-spacing-left-small:1.92%;\"><div class=\"fusion-column-wrapper fusion-column-has-shadow fusion-flex-justify-content-flex-start fusion-content-layout-column\"><div class=\"fusion-text fusion-text-2\"><p>Chez les services fun\u00e9raires First Memorial, notre mission est d&rsquo;all\u00e9ger votre stress et de vous aider \u00e0 vivre votre deuil le plus paisiblement possible en vous offrant des soins et des services fun\u00e9raires personnalis\u00e9s, ainsi que des produits de haute qualit\u00e9, notamment\u202f:<\/p>\n<ul>\n<li><strong>Services fun\u00e9raires et d&rsquo;enterrement traditionnels\u202f:<\/strong> Les services fun\u00e9raires et d&rsquo;inhumation traditionnels peuvent \u00eatre organis\u00e9s \u00e0 Cornwall, dans une \u00e9glise ou dans un autre \u00e9tablissement.<\/li>\n<li><strong>Services pr\u00e8s de la tombe\u202f:<\/strong> Les services fun\u00e9raires First Memorial sont \u00e9quip\u00e9s pour organiser des services pr\u00e8s de la tombe de votre \u00eatre cher, dans le cimeti\u00e8re de votre choix.<\/li>\n<li><strong>Service le jour m\u00eame &#8211; C\u00e9l\u00e9bration de la vie\u202f:<\/strong> Ce service a lieu dans un salon fun\u00e9raire, une \u00e9glise ou un autre endroit de votre choix. C&rsquo;est souvent une c\u00e9l\u00e9bration de la vie et une occasion pour les amis et la famille d&rsquo;honorer ceux qui les ont quitt\u00e9s&#8230;<\/li>\n<li><strong>Pr\u00e9arrangements fun\u00e9raires\u202f:<\/strong> Pour les r\u00e9sidents de Cornwall, en Ontario, qui s&rsquo;inqui\u00e8tent de leurs arrangements fun\u00e9raires, les services fun\u00e9raires First Memorial offrent des services de pr\u00e9arrangements fun\u00e9raires pour ceux qui en ont besoin. Ces services sont con\u00e7us en tenant compte de votre bien-\u00eatre et peuvent \u00eatre aussi d\u00e9taill\u00e9s et personnalis\u00e9s que vous le souhaitez.<\/li>\n<\/ul>\n<\/div><\/div><\/div><\/div><\/div><div class=\"fusion-fullwidth fullwidth-box fusion-builder-row-3 fusion-flex-container nonhundred-percent-fullwidth non-hundred-percent-height-scrolling\" style=\"--awb-border-radius-top-left:0px;--awb-border-radius-top-right:0px;--awb-border-radius-bottom-right:0px;--awb-border-radius-bottom-left:0px;--awb-padding-top:50px;--awb-padding-bottom:50px;--awb-flex-wrap:wrap;\" ><div class=\"fusion-builder-row fusion-row fusion-flex-align-items-flex-start fusion-flex-content-wrap\" style=\"max-width:1372.8px;margin-left: calc(-4% \/ 2 );margin-right: calc(-4% \/ 2 );\"><div class=\"fusion-layout-column fusion_builder_column fusion-builder-column-4 fusion_builder_column_1_1 1_1 fusion-flex-column\" style=\"--awb-bg-size:cover;--awb-width-large:100%;--awb-margin-top-large:10px;--awb-spacing-right-large:1.92%;--awb-margin-bottom-large:10px;--awb-spacing-left-large:1.92%;--awb-width-medium:100%;--awb-order-medium:0;--awb-spacing-right-medium:1.92%;--awb-spacing-left-medium:1.92%;--awb-width-small:100%;--awb-order-small:0;--awb-spacing-right-small:1.92%;--awb-spacing-left-small:1.92%;\"><div class=\"fusion-column-wrapper fusion-column-has-shadow fusion-flex-justify-content-flex-start fusion-content-layout-column\"><div class=\"fusion-title title fusion-title-3 fusion-sep-none fusion-title-text fusion-title-size-two\" style=\"--awb-margin-top-small:10px;--awb-margin-right-small:0px;--awb-margin-bottom-small:10px;--awb-margin-left-small:0px;\"><h2 class=\"fusion-title-heading title-heading-left\" style=\"margin:0;\">NOS SERVICES DE CR\u00c9MATION DIRECTE \u00c0 CORNWALL<\/h2><\/div><\/div><\/div><div class=\"fusion-layout-column fusion_builder_column fusion-builder-column-5 fusion_builder_column_3_5 3_5 fusion-flex-column\" style=\"--awb-bg-size:cover;--awb-width-large:60%;--awb-margin-top-large:10px;--awb-spacing-right-large:3.2%;--awb-margin-bottom-large:10px;--awb-spacing-left-large:3.2%;--awb-width-medium:60%;--awb-order-medium:0;--awb-spacing-right-medium:3.2%;--awb-spacing-left-medium:3.2%;--awb-width-small:100%;--awb-order-small:0;--awb-spacing-right-small:1.92%;--awb-spacing-left-small:1.92%;\"><div class=\"fusion-column-wrapper fusion-column-has-shadow fusion-flex-justify-content-flex-start fusion-content-layout-column\"><div class=\"fusion-text fusion-text-3\"><p>En plus de nos services complets d\u2019arrangements fun\u00e9raires et d&rsquo;inhumation, les services fun\u00e9raires First Memorial offrent \u00e9galement <a href=\"\/fr\/services-de-cremation-dottawa\/\"> des services de cr\u00e9mation directe<\/a> con\u00e7us sp\u00e9cialement pour r\u00e9pondre \u00e0 vos besoins. Nos directeurs de fun\u00e9railles d\u00e9vou\u00e9s vous rencontreront pour s&rsquo;occuper des formalit\u00e9s administratives n\u00e9cessaires et obtenir le certificat de d\u00e9c\u00e8s et le permis de cr\u00e9mation pour votre \u00eatre cher. Ensuite, notre \u00e9quipe transporte son corps pour qu&rsquo;il soit cr\u00e9matis\u00e9.<\/p>\n<p>Les services fun\u00e9raires First Memorial offrent une foule de produits de cr\u00e9mation pour les cendres de votre \u00eatre cher, notamment\u202f:<\/p>\n<ul>\n<li>Urnes \u00e9cologiques<\/li>\n<li>Urnes en c\u00e9ramique<\/li>\n<li>Urnes en verre<\/li>\n<li>Urnes en m\u00e9tal<\/li>\n<li>Urnes en bois<\/li>\n<li>Urnes traditionnelles en pierre<\/li>\n<li>Bijoux et souvenirs de cr\u00e9mation<\/li>\n<\/ul>\n<\/div><\/div><\/div><div class=\"fusion-layout-column fusion_builder_column fusion-builder-column-6 fusion_builder_column_2_5 2_5 fusion-flex-column\" style=\"--awb-bg-size:cover;--awb-width-large:40%;--awb-margin-top-large:10px;--awb-spacing-right-large:4.8%;--awb-margin-bottom-large:10px;--awb-spacing-left-large:4.8%;--awb-width-medium:40%;--awb-order-medium:0;--awb-spacing-right-medium:4.8%;--awb-spacing-left-medium:4.8%;--awb-width-small:100%;--awb-order-small:0;--awb-spacing-right-small:1.92%;--awb-spacing-left-small:1.92%;\"><div class=\"fusion-column-wrapper fusion-column-has-shadow fusion-flex-justify-content-flex-start fusion-content-layout-column\"><div class=\"fusion-image-element \" style=\"--awb-caption-title-font-family:var(--h2_typography-font-family);--awb-caption-title-font-weight:var(--h2_typography-font-weight);--awb-caption-title-font-style:var(--h2_typography-font-style);--awb-caption-title-size:var(--h2_typography-font-size);--awb-caption-title-transform:var(--h2_typography-text-transform);--awb-caption-title-line-height:var(--h2_typography-line-height);--awb-caption-title-letter-spacing:var(--h2_typography-letter-spacing);\"><span class=\" fusion-imageframe imageframe-none imageframe-2 hover-type-none\"><img decoding=\"async\" width=\"432\" height=\"450\" alt=\"cornwal img\" title=\"cornwal_img2\" src=\"https:\/\/firstmemorialfairview.com\/wp-content\/uploads\/2022\/07\/cornwal_img2.jpg\" class=\"img-responsive wp-image-10250\" srcset=\"https:\/\/firstmemorialfairview.com\/wp-content\/uploads\/2022\/07\/cornwal_img2-200x208.jpg 200w, https:\/\/firstmemorialfairview.com\/wp-content\/uploads\/2022\/07\/cornwal_img2-400x417.jpg 400w, https:\/\/firstmemorialfairview.com\/wp-content\/uploads\/2022\/07\/cornwal_img2.jpg 432w\" sizes=\"(max-width: 640px) 100vw, 432px\" \/><\/span><\/div><\/div><\/div><\/div><\/div><\/p>\n","protected":false},"excerpt":{"rendered":"","protected":false},"author":1,"featured_media":13951,"parent":14327,"menu_order":0,"comment_status":"closed","ping_status":"closed","template":"100-width.php","meta":{"_acf_changed":false,"footnotes":""},"class_list":["post-14321","page","type-page","status-publish","has-post-thumbnail","hentry"],"acf":[],"yoast_head":"<!-- This site is optimized with the Yoast SEO plugin v27.3 - https:\/\/yoast.com\/product\/yoast-seo-wordpress\/ -->\n<title>Services fun\u00e9raires \u00e0 Cornwall | First Memorial<\/title>\n<meta name=\"description\" content=\"First Memorial offre des services de cr\u00e9mation \u00e0 Cornwall. Des services fun\u00e9raires et d&#039;inhumation \u00e0 prix abordable. Prenez des pr\u00e9arrangements fun\u00e9raires.\" \/>\n<meta name=\"robots\" content=\"noindex, nofollow\" \/>\n<meta property=\"og:locale\" content=\"fr_FR\" \/>\n<meta property=\"og:type\" content=\"article\" \/>\n<meta property=\"og:title\" content=\"Services fun\u00e9raires \u00e0 Cornwall | First Memorial\" \/>\n<meta property=\"og:description\" content=\"First Memorial offre des services de cr\u00e9mation \u00e0 Cornwall. Des services fun\u00e9raires et d&#039;inhumation \u00e0 prix abordable. Prenez des pr\u00e9arrangements fun\u00e9raires.\" \/>\n<meta property=\"og:url\" content=\"https:\/\/firstmemorialfairview.com\/fr\/emplacements\/cornwall\/\" \/>\n<meta property=\"og:site_name\" content=\"First Memorial Fair View\" \/>\n<meta property=\"article:modified_time\" content=\"2022-10-18T15:34:10+00:00\" \/>\n<meta property=\"og:image\" content=\"https:\/\/firstmemorialfairview.com\/wp-content\/uploads\/2022\/09\/inner-banner-19.jpg\" \/>\n\t<meta property=\"og:image:width\" content=\"1600\" \/>\n\t<meta property=\"og:image:height\" content=\"300\" \/>\n\t<meta property=\"og:image:type\" content=\"image\/jpeg\" \/>\n<meta name=\"twitter:card\" content=\"summary_large_image\" \/>\n<meta name=\"twitter:label1\" content=\"Dur\u00e9e de lecture estim\u00e9e\" \/>\n\t<meta name=\"twitter:data1\" content=\"9 minutes\" \/>\n<script type=\"application\/ld+json\" class=\"yoast-schema-graph\">{\"@context\":\"https:\\\/\\\/schema.org\",\"@graph\":[{\"@type\":\"WebPage\",\"@id\":\"https:\\\/\\\/firstmemorialfairview.com\\\/fr\\\/emplacements\\\/cornwall\\\/\",\"url\":\"https:\\\/\\\/firstmemorialfairview.com\\\/fr\\\/emplacements\\\/cornwall\\\/\",\"name\":\"Services fun\u00e9raires \u00e0 Cornwall | First Memorial\",\"isPartOf\":{\"@id\":\"https:\\\/\\\/firstmemorialfairview.com\\\/fr\\\/#website\"},\"primaryImageOfPage\":{\"@id\":\"https:\\\/\\\/firstmemorialfairview.com\\\/fr\\\/emplacements\\\/cornwall\\\/#primaryimage\"},\"image\":{\"@id\":\"https:\\\/\\\/firstmemorialfairview.com\\\/fr\\\/emplacements\\\/cornwall\\\/#primaryimage\"},\"thumbnailUrl\":\"https:\\\/\\\/firstmemorialfairview.com\\\/wp-content\\\/uploads\\\/2022\\\/09\\\/inner-banner-19.jpg\",\"datePublished\":\"2022-07-12T13:21:19+00:00\",\"dateModified\":\"2022-10-18T15:34:10+00:00\",\"description\":\"First Memorial offre des services de cr\u00e9mation \u00e0 Cornwall. Des services fun\u00e9raires et d'inhumation \u00e0 prix abordable. Prenez des pr\u00e9arrangements fun\u00e9raires.\",\"breadcrumb\":{\"@id\":\"https:\\\/\\\/firstmemorialfairview.com\\\/fr\\\/emplacements\\\/cornwall\\\/#breadcrumb\"},\"inLanguage\":\"fr-FR\",\"potentialAction\":[{\"@type\":\"ReadAction\",\"target\":[\"https:\\\/\\\/firstmemorialfairview.com\\\/fr\\\/emplacements\\\/cornwall\\\/\"]}]},{\"@type\":\"ImageObject\",\"inLanguage\":\"fr-FR\",\"@id\":\"https:\\\/\\\/firstmemorialfairview.com\\\/fr\\\/emplacements\\\/cornwall\\\/#primaryimage\",\"url\":\"https:\\\/\\\/firstmemorialfairview.com\\\/wp-content\\\/uploads\\\/2022\\\/09\\\/inner-banner-19.jpg\",\"contentUrl\":\"https:\\\/\\\/firstmemorialfairview.com\\\/wp-content\\\/uploads\\\/2022\\\/09\\\/inner-banner-19.jpg\",\"width\":1600,\"height\":300,\"caption\":\"inner banner\"},{\"@type\":\"BreadcrumbList\",\"@id\":\"https:\\\/\\\/firstmemorialfairview.com\\\/fr\\\/emplacements\\\/cornwall\\\/#breadcrumb\",\"itemListElement\":[{\"@type\":\"ListItem\",\"position\":1,\"name\":\"Home\",\"item\":\"https:\\\/\\\/firstmemorialfairview.com\\\/fr\\\/homepage\\\/\"},{\"@type\":\"ListItem\",\"position\":2,\"name\":\"Emplacements\",\"item\":\"https:\\\/\\\/firstmemorialfairview.com\\\/fr\\\/emplacements\\\/\"},{\"@type\":\"ListItem\",\"position\":3,\"name\":\"Cornwall\"}]},{\"@type\":\"WebSite\",\"@id\":\"https:\\\/\\\/firstmemorialfairview.com\\\/fr\\\/#website\",\"url\":\"https:\\\/\\\/firstmemorialfairview.com\\\/fr\\\/\",\"name\":\"First Memorial Fair View\",\"description\":\"Your SUPER-powered WP Engine Site\",\"publisher\":{\"@id\":\"https:\\\/\\\/firstmemorialfairview.com\\\/fr\\\/#organization\"},\"potentialAction\":[{\"@type\":\"SearchAction\",\"target\":{\"@type\":\"EntryPoint\",\"urlTemplate\":\"https:\\\/\\\/firstmemorialfairview.com\\\/fr\\\/?s={search_term_string}\"},\"query-input\":{\"@type\":\"PropertyValueSpecification\",\"valueRequired\":true,\"valueName\":\"search_term_string\"}}],\"inLanguage\":\"fr-FR\"},{\"@type\":\"Organization\",\"@id\":\"https:\\\/\\\/firstmemorialfairview.com\\\/fr\\\/#organization\",\"name\":\"First Memorial Funeral Services\",\"url\":\"https:\\\/\\\/firstmemorialfairview.com\\\/fr\\\/\",\"logo\":{\"@type\":\"ImageObject\",\"inLanguage\":\"fr-FR\",\"@id\":\"https:\\\/\\\/firstmemorialfairview.com\\\/fr\\\/#\\\/schema\\\/logo\\\/image\\\/\",\"url\":\"https:\\\/\\\/firstmemorialfairview.com\\\/wp-content\\\/uploads\\\/2022\\\/07\\\/logo.png\",\"contentUrl\":\"https:\\\/\\\/firstmemorialfairview.com\\\/wp-content\\\/uploads\\\/2022\\\/07\\\/logo.png\",\"width\":190,\"height\":117,\"caption\":\"First Memorial Funeral Services\"},\"image\":{\"@id\":\"https:\\\/\\\/firstmemorialfairview.com\\\/fr\\\/#\\\/schema\\\/logo\\\/image\\\/\"}}]}<\/script>\n<!-- \/ Yoast SEO plugin. -->","yoast_head_json":{"title":"Services fun\u00e9raires \u00e0 Cornwall | First Memorial","description":"First Memorial offre des services de cr\u00e9mation \u00e0 Cornwall. Des services fun\u00e9raires et d'inhumation \u00e0 prix abordable. Prenez des pr\u00e9arrangements fun\u00e9raires.","robots":{"index":"noindex","follow":"nofollow"},"og_locale":"fr_FR","og_type":"article","og_title":"Services fun\u00e9raires \u00e0 Cornwall | First Memorial","og_description":"First Memorial offre des services de cr\u00e9mation \u00e0 Cornwall. Des services fun\u00e9raires et d'inhumation \u00e0 prix abordable. Prenez des pr\u00e9arrangements fun\u00e9raires.","og_url":"https:\/\/firstmemorialfairview.com\/fr\/emplacements\/cornwall\/","og_site_name":"First Memorial Fair View","article_modified_time":"2022-10-18T15:34:10+00:00","og_image":[{"width":1600,"height":300,"url":"https:\/\/firstmemorialfairview.com\/wp-content\/uploads\/2022\/09\/inner-banner-19.jpg","type":"image\/jpeg"}],"twitter_card":"summary_large_image","twitter_misc":{"Dur\u00e9e de lecture estim\u00e9e":"9 minutes"},"schema":{"@context":"https:\/\/schema.org","@graph":[{"@type":"WebPage","@id":"https:\/\/firstmemorialfairview.com\/fr\/emplacements\/cornwall\/","url":"https:\/\/firstmemorialfairview.com\/fr\/emplacements\/cornwall\/","name":"Services fun\u00e9raires \u00e0 Cornwall | First Memorial","isPartOf":{"@id":"https:\/\/firstmemorialfairview.com\/fr\/#website"},"primaryImageOfPage":{"@id":"https:\/\/firstmemorialfairview.com\/fr\/emplacements\/cornwall\/#primaryimage"},"image":{"@id":"https:\/\/firstmemorialfairview.com\/fr\/emplacements\/cornwall\/#primaryimage"},"thumbnailUrl":"https:\/\/firstmemorialfairview.com\/wp-content\/uploads\/2022\/09\/inner-banner-19.jpg","datePublished":"2022-07-12T13:21:19+00:00","dateModified":"2022-10-18T15:34:10+00:00","description":"First Memorial offre des services de cr\u00e9mation \u00e0 Cornwall. Des services fun\u00e9raires et d'inhumation \u00e0 prix abordable. Prenez des pr\u00e9arrangements fun\u00e9raires.","breadcrumb":{"@id":"https:\/\/firstmemorialfairview.com\/fr\/emplacements\/cornwall\/#breadcrumb"},"inLanguage":"fr-FR","potentialAction":[{"@type":"ReadAction","target":["https:\/\/firstmemorialfairview.com\/fr\/emplacements\/cornwall\/"]}]},{"@type":"ImageObject","inLanguage":"fr-FR","@id":"https:\/\/firstmemorialfairview.com\/fr\/emplacements\/cornwall\/#primaryimage","url":"https:\/\/firstmemorialfairview.com\/wp-content\/uploads\/2022\/09\/inner-banner-19.jpg","contentUrl":"https:\/\/firstmemorialfairview.com\/wp-content\/uploads\/2022\/09\/inner-banner-19.jpg","width":1600,"height":300,"caption":"inner banner"},{"@type":"BreadcrumbList","@id":"https:\/\/firstmemorialfairview.com\/fr\/emplacements\/cornwall\/#breadcrumb","itemListElement":[{"@type":"ListItem","position":1,"name":"Home","item":"https:\/\/firstmemorialfairview.com\/fr\/homepage\/"},{"@type":"ListItem","position":2,"name":"Emplacements","item":"https:\/\/firstmemorialfairview.com\/fr\/emplacements\/"},{"@type":"ListItem","position":3,"name":"Cornwall"}]},{"@type":"WebSite","@id":"https:\/\/firstmemorialfairview.com\/fr\/#website","url":"https:\/\/firstmemorialfairview.com\/fr\/","name":"First Memorial Fair View","description":"Your SUPER-powered WP Engine Site","publisher":{"@id":"https:\/\/firstmemorialfairview.com\/fr\/#organization"},"potentialAction":[{"@type":"SearchAction","target":{"@type":"EntryPoint","urlTemplate":"https:\/\/firstmemorialfairview.com\/fr\/?s={search_term_string}"},"query-input":{"@type":"PropertyValueSpecification","valueRequired":true,"valueName":"search_term_string"}}],"inLanguage":"fr-FR"},{"@type":"Organization","@id":"https:\/\/firstmemorialfairview.com\/fr\/#organization","name":"First Memorial Funeral Services","url":"https:\/\/firstmemorialfairview.com\/fr\/","logo":{"@type":"ImageObject","inLanguage":"fr-FR","@id":"https:\/\/firstmemorialfairview.com\/fr\/#\/schema\/logo\/image\/","url":"https:\/\/firstmemorialfairview.com\/wp-content\/uploads\/2022\/07\/logo.png","contentUrl":"https:\/\/firstmemorialfairview.com\/wp-content\/uploads\/2022\/07\/logo.png","width":190,"height":117,"caption":"First Memorial Funeral Services"},"image":{"@id":"https:\/\/firstmemorialfairview.com\/fr\/#\/schema\/logo\/image\/"}}]}},"_links":{"self":[{"href":"https:\/\/firstmemorialfairview.com\/fr\/wp-json\/wp\/v2\/pages\/14321","targetHints":{"allow":["GET"]}}],"collection":[{"href":"https:\/\/firstmemorialfairview.com\/fr\/wp-json\/wp\/v2\/pages"}],"about":[{"href":"https:\/\/firstmemorialfairview.com\/fr\/wp-json\/wp\/v2\/types\/page"}],"author":[{"embeddable":true,"href":"https:\/\/firstmemorialfairview.com\/fr\/wp-json\/wp\/v2\/users\/1"}],"replies":[{"embeddable":true,"href":"https:\/\/firstmemorialfairview.com\/fr\/wp-json\/wp\/v2\/comments?post=14321"}],"version-history":[{"count":0,"href":"https:\/\/firstmemorialfairview.com\/fr\/wp-json\/wp\/v2\/pages\/14321\/revisions"}],"up":[{"embeddable":true,"href":"https:\/\/firstmemorialfairview.com\/fr\/wp-json\/wp\/v2\/pages\/14327"}],"wp:featuredmedia":[{"embeddable":true,"href":"https:\/\/firstmemorialfairview.com\/fr\/wp-json\/wp\/v2\/media\/13951"}],"wp:attachment":[{"href":"https:\/\/firstmemorialfairview.com\/fr\/wp-json\/wp\/v2\/media?parent=14321"}],"curies":[{"name":"wp","href":"https:\/\/api.w.org\/{rel}","templated":true}]}}