{"id":14308,"date":"2022-09-01T13:56:03","date_gmt":"2022-09-01T13:56:03","guid":{"rendered":"https:\/\/firstmemorialfairview.com\/?page_id=14308"},"modified":"2022-09-27T10:11:02","modified_gmt":"2022-09-27T10:11:02","slug":"orleans","status":"publish","type":"page","link":"https:\/\/firstmemorialfairview.com\/fr\/emplacements\/orleans\/","title":{"rendered":"Orleans"},"content":{"rendered":"<p><div class=\"fusion-fullwidth fullwidth-box fusion-builder-row-1 fusion-flex-container nonhundred-percent-fullwidth non-hundred-percent-height-scrolling\" style=\"--awb-border-radius-top-left:0px;--awb-border-radius-top-right:0px;--awb-border-radius-bottom-right:0px;--awb-border-radius-bottom-left:0px;--awb-padding-top:50px;--awb-padding-bottom:50px;--awb-flex-wrap:wrap;\" ><div class=\"fusion-builder-row fusion-row fusion-flex-align-items-flex-start fusion-flex-content-wrap\" style=\"max-width:1372.8px;margin-left: calc(-4% \/ 2 );margin-right: calc(-4% \/ 2 );\"><div class=\"fusion-layout-column fusion_builder_column fusion-builder-column-0 fusion_builder_column_1_1 1_1 fusion-flex-column\" style=\"--awb-bg-size:cover;--awb-width-large:100%;--awb-margin-top-large:10px;--awb-spacing-right-large:1.92%;--awb-margin-bottom-large:10px;--awb-spacing-left-large:1.92%;--awb-width-medium:100%;--awb-order-medium:0;--awb-spacing-right-medium:1.92%;--awb-spacing-left-medium:1.92%;--awb-width-small:100%;--awb-order-small:0;--awb-spacing-right-small:1.92%;--awb-spacing-left-small:1.92%;\"><div class=\"fusion-column-wrapper fusion-column-has-shadow fusion-flex-justify-content-flex-start fusion-content-layout-column\"><div class=\"fusion-title title fusion-title-1 fusion-sep-none fusion-title-center fusion-title-text fusion-title-size-one\" style=\"--awb-margin-top-small:10px;--awb-margin-right-small:0px;--awb-margin-bottom-small:10px;--awb-margin-left-small:0px;\"><h1 class=\"fusion-title-heading title-heading-center\" style=\"margin:0;\">Orleans<\/h1><\/div><\/div><\/div><div class=\"fusion-layout-column fusion_builder_column fusion-builder-column-1 fusion_builder_column_1_2 1_2 fusion-flex-column\" style=\"--awb-bg-size:cover;--awb-width-large:50%;--awb-margin-top-large:10px;--awb-spacing-right-large:3.84%;--awb-margin-bottom-large:10px;--awb-spacing-left-large:3.84%;--awb-width-medium:50%;--awb-order-medium:0;--awb-spacing-right-medium:3.84%;--awb-spacing-left-medium:3.84%;--awb-width-small:100%;--awb-order-small:0;--awb-spacing-right-small:1.92%;--awb-spacing-left-small:1.92%;\"><div class=\"fusion-column-wrapper fusion-column-has-shadow fusion-flex-justify-content-flex-start fusion-content-layout-column\"><div class=\"fusion-title title fusion-title-2 fusion-sep-none fusion-title-text fusion-title-size-two\" style=\"--awb-margin-top-small:10px;--awb-margin-right-small:0px;--awb-margin-bottom-small:10px;--awb-margin-left-small:0px;\"><h2 class=\"fusion-title-heading title-heading-left\" style=\"margin:0;\">Salon fun\u00e9raire \u00e0 Orl\u00e9ans<\/h2><\/div><div class=\"fusion-text fusion-text-1\"><p>Lorsque vous choisissez un salon fun\u00e9raire \u00e0 Orl\u00e9ans, il est important de trouver un salon fun\u00e9raire qui adaptera ses services aux besoins de votre famille, tout en assurant un haut niveau de compassion \u00e0 un co\u00fbt abordable. Les services fun\u00e9raires First Memorial sont au service de la communaut\u00e9 d&rsquo;Orl\u00e9ans depuis plus de deux\u202fd\u00e9cennies et sont devenus l&rsquo;un des <a href=\"https:\/\/firstmemorialfairview.com\/fr\">principaux salons fun\u00e9raires de la r\u00e9gion de la capitale nationale<\/a>. Nos directeurs de fun\u00e9railles professionnels et exp\u00e9riment\u00e9s sont l\u00e0 pour guider votre famille tout au long du processus fun\u00e9raire, tout en lui offrant confort, compassion et dignit\u00e9. Les Services fun\u00e9raires First Memorial sont fiers d&rsquo;offrir leurs services en fran\u00e7ais et en anglais.<\/p>\n<\/div><\/div><\/div><div class=\"fusion-layout-column fusion_builder_column fusion-builder-column-2 fusion_builder_column_1_2 1_2 fusion-flex-column\" style=\"--awb-bg-size:cover;--awb-width-large:50%;--awb-margin-top-large:10px;--awb-spacing-right-large:3.84%;--awb-margin-bottom-large:10px;--awb-spacing-left-large:3.84%;--awb-width-medium:50%;--awb-order-medium:0;--awb-spacing-right-medium:3.84%;--awb-spacing-left-medium:3.84%;--awb-width-small:100%;--awb-order-small:0;--awb-spacing-right-small:1.92%;--awb-spacing-left-small:1.92%;\"><div class=\"fusion-column-wrapper fusion-column-has-shadow fusion-flex-justify-content-flex-start fusion-content-layout-column\"><div class=\"fusion-image-element \" style=\"--awb-caption-title-font-family:var(--h2_typography-font-family);--awb-caption-title-font-weight:var(--h2_typography-font-weight);--awb-caption-title-font-style:var(--h2_typography-font-style);--awb-caption-title-size:var(--h2_typography-font-size);--awb-caption-title-transform:var(--h2_typography-text-transform);--awb-caption-title-line-height:var(--h2_typography-line-height);--awb-caption-title-letter-spacing:var(--h2_typography-letter-spacing);\"><span class=\" fusion-imageframe imageframe-none imageframe-1 hover-type-none\"><img decoding=\"async\" width=\"1200\" height=\"801\" alt=\"Calm memorial setting with flowers and seating\" title=\"003\" src=\"https:\/\/firstmemorialfairview.com\/wp-content\/uploads\/2022\/09\/003-1.jpg\" class=\"img-responsive wp-image-14040\" srcset=\"https:\/\/firstmemorialfairview.com\/wp-content\/uploads\/2022\/09\/003-1-200x134.jpg 200w, https:\/\/firstmemorialfairview.com\/wp-content\/uploads\/2022\/09\/003-1-400x267.jpg 400w, https:\/\/firstmemorialfairview.com\/wp-content\/uploads\/2022\/09\/003-1-600x401.jpg 600w, https:\/\/firstmemorialfairview.com\/wp-content\/uploads\/2022\/09\/003-1-800x534.jpg 800w, https:\/\/firstmemorialfairview.com\/wp-content\/uploads\/2022\/09\/003-1.jpg 1200w\" sizes=\"(max-width: 640px) 100vw, 800px\" \/><\/span><\/div><\/div><\/div><\/div><\/div><div class=\"fusion-fullwidth fullwidth-box fusion-builder-row-2 fusion-flex-container nonhundred-percent-fullwidth non-hundred-percent-height-scrolling\" style=\"--awb-border-radius-top-left:0px;--awb-border-radius-top-right:0px;--awb-border-radius-bottom-right:0px;--awb-border-radius-bottom-left:0px;--awb-padding-top:50px;--awb-padding-bottom:50px;--awb-background-color:#e5ecf4;--awb-flex-wrap:wrap;\" ><div class=\"fusion-builder-row fusion-row fusion-flex-align-items-flex-start fusion-flex-content-wrap\" style=\"max-width:1372.8px;margin-left: calc(-4% \/ 2 );margin-right: calc(-4% \/ 2 );\"><div class=\"fusion-layout-column fusion_builder_column fusion-builder-column-3 fusion_builder_column_1_1 1_1 fusion-flex-column\" style=\"--awb-bg-size:cover;--awb-width-large:100%;--awb-margin-top-large:10px;--awb-spacing-right-large:1.92%;--awb-margin-bottom-large:10px;--awb-spacing-left-large:1.92%;--awb-width-medium:100%;--awb-order-medium:0;--awb-spacing-right-medium:1.92%;--awb-spacing-left-medium:1.92%;--awb-width-small:100%;--awb-order-small:0;--awb-spacing-right-small:1.92%;--awb-spacing-left-small:1.92%;\"><div class=\"fusion-column-wrapper fusion-column-has-shadow fusion-flex-justify-content-flex-start fusion-content-layout-column\"><div class=\"fusion-text fusion-text-2\"><p>Les services fun\u00e9raires First Memorial proposent de nombreuses options de cr\u00e9mation qui peuvent \u00eatre personnalis\u00e9es et grav\u00e9es pour accueillir les cendres de votre \u00eatre cher, notamment\u202f:<\/p>\n<ul>\n<li>Urnes \u00e9cologiques<\/li>\n<li>Urnes en c\u00e9ramique<\/li>\n<li>Urnes en verre<\/li>\n<li>Urnes en m\u00e9tal<\/li>\n<li>Urnes en bois<\/li>\n<li>Urnes en pierre traditionnelles<\/li>\n<li>Bijoux et souvenirs de cr\u00e9mation<\/li>\n<\/ul>\n<\/div><\/div><\/div><\/div><\/div><div class=\"fusion-fullwidth fullwidth-box fusion-builder-row-3 fusion-flex-container nonhundred-percent-fullwidth non-hundred-percent-height-scrolling\" style=\"--awb-border-radius-top-left:0px;--awb-border-radius-top-right:0px;--awb-border-radius-bottom-right:0px;--awb-border-radius-bottom-left:0px;--awb-padding-top:50px;--awb-padding-bottom:50px;--awb-flex-wrap:wrap;\" ><div class=\"fusion-builder-row fusion-row fusion-flex-align-items-flex-start fusion-flex-content-wrap\" style=\"max-width:1372.8px;margin-left: calc(-4% \/ 2 );margin-right: calc(-4% \/ 2 );\"><div class=\"fusion-layout-column fusion_builder_column fusion-builder-column-4 fusion_builder_column_3_5 3_5 fusion-flex-column\" style=\"--awb-bg-size:cover;--awb-width-large:60%;--awb-margin-top-large:10px;--awb-spacing-right-large:3.2%;--awb-margin-bottom-large:10px;--awb-spacing-left-large:3.2%;--awb-width-medium:60%;--awb-order-medium:0;--awb-spacing-right-medium:3.2%;--awb-spacing-left-medium:3.2%;--awb-width-small:100%;--awb-order-small:0;--awb-spacing-right-small:1.92%;--awb-spacing-left-small:1.92%;\"><div class=\"fusion-column-wrapper fusion-column-has-shadow fusion-flex-justify-content-flex-start fusion-content-layout-column\"><div class=\"fusion-title title fusion-title-3 fusion-sep-none fusion-title-text fusion-title-size-two\" style=\"--awb-margin-top-small:10px;--awb-margin-right-small:0px;--awb-margin-bottom-small:10px;--awb-margin-left-small:0px;\"><h2 class=\"fusion-title-heading title-heading-left\" style=\"margin:0;\">Options de cr\u00e9mation et de services fun\u00e9raires \u00e0 Orl\u00e9ans<\/h2><\/div><div class=\"fusion-text fusion-text-3\"><p>Les services fun\u00e9raires First Memorial proposent de nombreuses options de fin de vie, allant d&rsquo;une <a href=\"https:\/\/firstmemorialfairview.com\/fr\/funeral-services\/\">simple cr\u00e9mation<\/a> \u00e0 un <a href=\"https:\/\/firstmemorialfairview.com\/fr\/services-denterrement-abordables\/\">service fun\u00e9raire traditionnel<\/a>. Nos diff\u00e9rentes options peuvent \u00eatre personnalis\u00e9es pour honorer la vie de votre \u00eatre cher. Voici quelques-uns de nos diff\u00e9rents services\u202f:<\/p>\n<ul>\n<li><strong>Service fun\u00e9raires traditionnel\u202f:<\/strong> La famille et les amis sont invit\u00e9s \u00e0 se joindre \u00e0 vous lors de la visite et\/ou de l&rsquo;exposition avant les fun\u00e9railles. Le service peut avoir lieu \u00e0 notre salon fun\u00e9raire, \u00e0 votre \u00e9glise ou \u00e0 un autre endroit de votre choix.<\/li>\n<li><strong>Service comm\u00e9moratif\u202f:<\/strong> Un service comm\u00e9moratif peut avoir lieu \u00e0 notre salon fun\u00e9raire ou \u00e0 l&rsquo;endroit de votre choix. Les cendres de votre \u00eatre cher seront pr\u00e9sentes. Les invit\u00e9s peuvent partager leurs souvenirs pr\u00e9f\u00e9r\u00e9s, des anecdotes. Un service comm\u00e9moratif peut \u00eatre suivi d&rsquo;une r\u00e9ception o\u00f9 les invit\u00e9s continueront \u00e0 partager de bons souvenirs pendant un repas.<\/li>\n<li><strong>Service le jour m\u00eame :<\/strong> C\u00e9l\u00e9bration de la vie\u202f: Ce service a lieu dans un salon fun\u00e9raire, une \u00e9glise ou un autre endroit de votre choix. C&rsquo;est un jour pour honorer et c\u00e9l\u00e9brer la vie de votre \u00eatre cher. Cela inclut g\u00e9n\u00e9ralement une r\u00e9ception au cours de laquelle les invit\u00e9s peuvent partager des histoires sur l&rsquo;\u00eatre cher.<\/li>\n<\/ul>\n<\/div><\/div><\/div><div class=\"fusion-layout-column fusion_builder_column fusion-builder-column-5 fusion_builder_column_2_5 2_5 fusion-flex-column\" style=\"--awb-bg-size:cover;--awb-width-large:40%;--awb-margin-top-large:0px;--awb-spacing-right-large:4.8%;--awb-margin-bottom-large:10px;--awb-spacing-left-large:4.8%;--awb-width-medium:40%;--awb-order-medium:0;--awb-spacing-right-medium:4.8%;--awb-spacing-left-medium:4.8%;--awb-width-small:100%;--awb-order-small:0;--awb-spacing-right-small:1.92%;--awb-spacing-left-small:1.92%;\"><div class=\"fusion-column-wrapper fusion-column-has-shadow fusion-flex-justify-content-flex-start fusion-content-layout-column\"><div class=\"fusion-image-element \" style=\"--awb-caption-title-font-family:var(--h2_typography-font-family);--awb-caption-title-font-weight:var(--h2_typography-font-weight);--awb-caption-title-font-style:var(--h2_typography-font-style);--awb-caption-title-size:var(--h2_typography-font-size);--awb-caption-title-transform:var(--h2_typography-text-transform);--awb-caption-title-line-height:var(--h2_typography-line-height);--awb-caption-title-letter-spacing:var(--h2_typography-letter-spacing);\"><span class=\" fusion-imageframe imageframe-none imageframe-2 hover-type-none\"><img decoding=\"async\" width=\"430\" height=\"510\" alt=\"Orleans\" title=\"004\" src=\"https:\/\/firstmemorialfairview.com\/wp-content\/uploads\/2022\/09\/004.jpg\" class=\"img-responsive wp-image-14042\" srcset=\"https:\/\/firstmemorialfairview.com\/wp-content\/uploads\/2022\/09\/004-200x237.jpg 200w, https:\/\/firstmemorialfairview.com\/wp-content\/uploads\/2022\/09\/004-400x474.jpg 400w, https:\/\/firstmemorialfairview.com\/wp-content\/uploads\/2022\/09\/004.jpg 430w\" sizes=\"(max-width: 640px) 100vw, 430px\" \/><\/span><\/div><\/div><\/div><div class=\"fusion-layout-column fusion_builder_column fusion-builder-column-6 fusion_builder_column_1_1 1_1 fusion-flex-column\" style=\"--awb-bg-size:cover;--awb-width-large:100%;--awb-margin-top-large:-35px;--awb-spacing-right-large:1.92%;--awb-margin-bottom-large:10px;--awb-spacing-left-large:1.92%;--awb-width-medium:100%;--awb-order-medium:0;--awb-spacing-right-medium:1.92%;--awb-spacing-left-medium:1.92%;--awb-width-small:100%;--awb-order-small:0;--awb-spacing-right-small:1.92%;--awb-spacing-left-small:1.92%;\"><div class=\"fusion-column-wrapper fusion-column-has-shadow fusion-flex-justify-content-flex-start fusion-content-layout-column\"><div class=\"fusion-text fusion-text-4\"><ul>\n<li><strong>Cr\u00e9mation seulement (sans service)\u202f:<\/strong> Tout le monde ne choisit pas d&rsquo;avoir un service. Nous pouvons vous aider en pr\u00e9parant votre \u00eatre cher pour la cr\u00e9mation, ainsi que tous les documents n\u00e9cessaires. Les arrangements fun\u00e9raires pour une simple cr\u00e9mation peuvent se faire en ligne, par t\u00e9l\u00e9phone ou en personne avec un directeur de fun\u00e9railles.<\/li>\n<\/ul>\n<p>Services de pr\u00e9arrangements fun\u00e9raires<\/p>\n<p>Les Services fun\u00e9raires First Memorial offrent \u00e9galement des services de pr\u00e9arrangements fun\u00e9raires aux r\u00e9sidents d&rsquo;Orl\u00e9ans qui souhaitent pr\u00e9parer leurs derni\u00e8res volont\u00e9s. Votre service de pr\u00e9arrangements peut \u00eatre aussi simple ou d\u00e9taill\u00e9 que vous le souhaitez. Communiquez avec nous pour discuter de vos derni\u00e8res volont\u00e9s avec l&rsquo;un de nos conseillers de pr\u00e9arrangements fun\u00e9raires.<\/p>\n<\/div><\/div><\/div><\/div><\/div><\/p>\n","protected":false},"excerpt":{"rendered":"","protected":false},"author":1,"featured_media":14087,"parent":14327,"menu_order":0,"comment_status":"closed","ping_status":"closed","template":"100-width.php","meta":{"_acf_changed":false,"footnotes":""},"class_list":["post-14308","page","type-page","status-publish","has-post-thumbnail","hentry"],"acf":[],"yoast_head":"<!-- This site is optimized with the Yoast SEO plugin v27.3 - https:\/\/yoast.com\/product\/yoast-seo-wordpress\/ -->\n<title>Services fun\u00e9raires \u00e0 Orl\u00e9ans | First Memorial<\/title>\n<meta name=\"description\" content=\"First Memorial offre une panoplie de services de cr\u00e9mation et fun\u00e9raires abordables \u00e0 Orl\u00e9ans, Ontario. Contactez-nous pour prendre des arrangements maintenant.\" \/>\n<meta name=\"robots\" content=\"noindex, nofollow\" \/>\n<meta property=\"og:locale\" content=\"fr_FR\" \/>\n<meta property=\"og:type\" content=\"article\" \/>\n<meta property=\"og:title\" content=\"Services fun\u00e9raires \u00e0 Orl\u00e9ans | First Memorial\" \/>\n<meta property=\"og:description\" content=\"First Memorial offre une panoplie de services de cr\u00e9mation et fun\u00e9raires abordables \u00e0 Orl\u00e9ans, Ontario. Contactez-nous pour prendre des arrangements maintenant.\" \/>\n<meta property=\"og:url\" content=\"https:\/\/firstmemorialfairview.com\/fr\/emplacements\/orleans\/\" \/>\n<meta property=\"og:site_name\" content=\"First Memorial Fair View\" \/>\n<meta property=\"article:modified_time\" content=\"2022-09-27T10:11:02+00:00\" \/>\n<meta property=\"og:image\" content=\"https:\/\/firstmemorialfairview.com\/wp-content\/uploads\/2022\/09\/banner-03.jpg\" \/>\n\t<meta property=\"og:image:width\" content=\"1600\" \/>\n\t<meta property=\"og:image:height\" content=\"300\" \/>\n\t<meta property=\"og:image:type\" content=\"image\/jpeg\" \/>\n<meta name=\"twitter:card\" content=\"summary_large_image\" \/>\n<meta name=\"twitter:label1\" content=\"Dur\u00e9e de lecture estim\u00e9e\" \/>\n\t<meta name=\"twitter:data1\" content=\"10 minutes\" \/>\n<script type=\"application\/ld+json\" class=\"yoast-schema-graph\">{\"@context\":\"https:\\\/\\\/schema.org\",\"@graph\":[{\"@type\":\"WebPage\",\"@id\":\"https:\\\/\\\/firstmemorialfairview.com\\\/fr\\\/emplacements\\\/orleans\\\/\",\"url\":\"https:\\\/\\\/firstmemorialfairview.com\\\/fr\\\/emplacements\\\/orleans\\\/\",\"name\":\"Services fun\u00e9raires \u00e0 Orl\u00e9ans | First Memorial\",\"isPartOf\":{\"@id\":\"https:\\\/\\\/firstmemorialfairview.com\\\/fr\\\/#website\"},\"primaryImageOfPage\":{\"@id\":\"https:\\\/\\\/firstmemorialfairview.com\\\/fr\\\/emplacements\\\/orleans\\\/#primaryimage\"},\"image\":{\"@id\":\"https:\\\/\\\/firstmemorialfairview.com\\\/fr\\\/emplacements\\\/orleans\\\/#primaryimage\"},\"thumbnailUrl\":\"https:\\\/\\\/firstmemorialfairview.com\\\/wp-content\\\/uploads\\\/2022\\\/09\\\/banner-03.jpg\",\"datePublished\":\"2022-09-01T13:56:03+00:00\",\"dateModified\":\"2022-09-27T10:11:02+00:00\",\"description\":\"First Memorial offre une panoplie de services de cr\u00e9mation et fun\u00e9raires abordables \u00e0 Orl\u00e9ans, Ontario. Contactez-nous pour prendre des arrangements maintenant.\",\"breadcrumb\":{\"@id\":\"https:\\\/\\\/firstmemorialfairview.com\\\/fr\\\/emplacements\\\/orleans\\\/#breadcrumb\"},\"inLanguage\":\"fr-FR\",\"potentialAction\":[{\"@type\":\"ReadAction\",\"target\":[\"https:\\\/\\\/firstmemorialfairview.com\\\/fr\\\/emplacements\\\/orleans\\\/\"]}]},{\"@type\":\"ImageObject\",\"inLanguage\":\"fr-FR\",\"@id\":\"https:\\\/\\\/firstmemorialfairview.com\\\/fr\\\/emplacements\\\/orleans\\\/#primaryimage\",\"url\":\"https:\\\/\\\/firstmemorialfairview.com\\\/wp-content\\\/uploads\\\/2022\\\/09\\\/banner-03.jpg\",\"contentUrl\":\"https:\\\/\\\/firstmemorialfairview.com\\\/wp-content\\\/uploads\\\/2022\\\/09\\\/banner-03.jpg\",\"width\":1600,\"height\":300,\"caption\":\"banner\"},{\"@type\":\"BreadcrumbList\",\"@id\":\"https:\\\/\\\/firstmemorialfairview.com\\\/fr\\\/emplacements\\\/orleans\\\/#breadcrumb\",\"itemListElement\":[{\"@type\":\"ListItem\",\"position\":1,\"name\":\"Home\",\"item\":\"https:\\\/\\\/firstmemorialfairview.com\\\/fr\\\/homepage\\\/\"},{\"@type\":\"ListItem\",\"position\":2,\"name\":\"Emplacements\",\"item\":\"https:\\\/\\\/firstmemorialfairview.com\\\/fr\\\/emplacements\\\/\"},{\"@type\":\"ListItem\",\"position\":3,\"name\":\"Orleans\"}]},{\"@type\":\"WebSite\",\"@id\":\"https:\\\/\\\/firstmemorialfairview.com\\\/fr\\\/#website\",\"url\":\"https:\\\/\\\/firstmemorialfairview.com\\\/fr\\\/\",\"name\":\"First Memorial Fair View\",\"description\":\"Your SUPER-powered WP Engine Site\",\"publisher\":{\"@id\":\"https:\\\/\\\/firstmemorialfairview.com\\\/fr\\\/#organization\"},\"potentialAction\":[{\"@type\":\"SearchAction\",\"target\":{\"@type\":\"EntryPoint\",\"urlTemplate\":\"https:\\\/\\\/firstmemorialfairview.com\\\/fr\\\/?s={search_term_string}\"},\"query-input\":{\"@type\":\"PropertyValueSpecification\",\"valueRequired\":true,\"valueName\":\"search_term_string\"}}],\"inLanguage\":\"fr-FR\"},{\"@type\":\"Organization\",\"@id\":\"https:\\\/\\\/firstmemorialfairview.com\\\/fr\\\/#organization\",\"name\":\"First Memorial Funeral Services\",\"url\":\"https:\\\/\\\/firstmemorialfairview.com\\\/fr\\\/\",\"logo\":{\"@type\":\"ImageObject\",\"inLanguage\":\"fr-FR\",\"@id\":\"https:\\\/\\\/firstmemorialfairview.com\\\/fr\\\/#\\\/schema\\\/logo\\\/image\\\/\",\"url\":\"https:\\\/\\\/firstmemorialfairview.com\\\/wp-content\\\/uploads\\\/2022\\\/07\\\/logo.png\",\"contentUrl\":\"https:\\\/\\\/firstmemorialfairview.com\\\/wp-content\\\/uploads\\\/2022\\\/07\\\/logo.png\",\"width\":190,\"height\":117,\"caption\":\"First Memorial Funeral Services\"},\"image\":{\"@id\":\"https:\\\/\\\/firstmemorialfairview.com\\\/fr\\\/#\\\/schema\\\/logo\\\/image\\\/\"}}]}<\/script>\n<!-- \/ Yoast SEO plugin. -->","yoast_head_json":{"title":"Services fun\u00e9raires \u00e0 Orl\u00e9ans | First Memorial","description":"First Memorial offre une panoplie de services de cr\u00e9mation et fun\u00e9raires abordables \u00e0 Orl\u00e9ans, Ontario. Contactez-nous pour prendre des arrangements maintenant.","robots":{"index":"noindex","follow":"nofollow"},"og_locale":"fr_FR","og_type":"article","og_title":"Services fun\u00e9raires \u00e0 Orl\u00e9ans | First Memorial","og_description":"First Memorial offre une panoplie de services de cr\u00e9mation et fun\u00e9raires abordables \u00e0 Orl\u00e9ans, Ontario. Contactez-nous pour prendre des arrangements maintenant.","og_url":"https:\/\/firstmemorialfairview.com\/fr\/emplacements\/orleans\/","og_site_name":"First Memorial Fair View","article_modified_time":"2022-09-27T10:11:02+00:00","og_image":[{"width":1600,"height":300,"url":"https:\/\/firstmemorialfairview.com\/wp-content\/uploads\/2022\/09\/banner-03.jpg","type":"image\/jpeg"}],"twitter_card":"summary_large_image","twitter_misc":{"Dur\u00e9e de lecture estim\u00e9e":"10 minutes"},"schema":{"@context":"https:\/\/schema.org","@graph":[{"@type":"WebPage","@id":"https:\/\/firstmemorialfairview.com\/fr\/emplacements\/orleans\/","url":"https:\/\/firstmemorialfairview.com\/fr\/emplacements\/orleans\/","name":"Services fun\u00e9raires \u00e0 Orl\u00e9ans | First Memorial","isPartOf":{"@id":"https:\/\/firstmemorialfairview.com\/fr\/#website"},"primaryImageOfPage":{"@id":"https:\/\/firstmemorialfairview.com\/fr\/emplacements\/orleans\/#primaryimage"},"image":{"@id":"https:\/\/firstmemorialfairview.com\/fr\/emplacements\/orleans\/#primaryimage"},"thumbnailUrl":"https:\/\/firstmemorialfairview.com\/wp-content\/uploads\/2022\/09\/banner-03.jpg","datePublished":"2022-09-01T13:56:03+00:00","dateModified":"2022-09-27T10:11:02+00:00","description":"First Memorial offre une panoplie de services de cr\u00e9mation et fun\u00e9raires abordables \u00e0 Orl\u00e9ans, Ontario. Contactez-nous pour prendre des arrangements maintenant.","breadcrumb":{"@id":"https:\/\/firstmemorialfairview.com\/fr\/emplacements\/orleans\/#breadcrumb"},"inLanguage":"fr-FR","potentialAction":[{"@type":"ReadAction","target":["https:\/\/firstmemorialfairview.com\/fr\/emplacements\/orleans\/"]}]},{"@type":"ImageObject","inLanguage":"fr-FR","@id":"https:\/\/firstmemorialfairview.com\/fr\/emplacements\/orleans\/#primaryimage","url":"https:\/\/firstmemorialfairview.com\/wp-content\/uploads\/2022\/09\/banner-03.jpg","contentUrl":"https:\/\/firstmemorialfairview.com\/wp-content\/uploads\/2022\/09\/banner-03.jpg","width":1600,"height":300,"caption":"banner"},{"@type":"BreadcrumbList","@id":"https:\/\/firstmemorialfairview.com\/fr\/emplacements\/orleans\/#breadcrumb","itemListElement":[{"@type":"ListItem","position":1,"name":"Home","item":"https:\/\/firstmemorialfairview.com\/fr\/homepage\/"},{"@type":"ListItem","position":2,"name":"Emplacements","item":"https:\/\/firstmemorialfairview.com\/fr\/emplacements\/"},{"@type":"ListItem","position":3,"name":"Orleans"}]},{"@type":"WebSite","@id":"https:\/\/firstmemorialfairview.com\/fr\/#website","url":"https:\/\/firstmemorialfairview.com\/fr\/","name":"First Memorial Fair View","description":"Your SUPER-powered WP Engine Site","publisher":{"@id":"https:\/\/firstmemorialfairview.com\/fr\/#organization"},"potentialAction":[{"@type":"SearchAction","target":{"@type":"EntryPoint","urlTemplate":"https:\/\/firstmemorialfairview.com\/fr\/?s={search_term_string}"},"query-input":{"@type":"PropertyValueSpecification","valueRequired":true,"valueName":"search_term_string"}}],"inLanguage":"fr-FR"},{"@type":"Organization","@id":"https:\/\/firstmemorialfairview.com\/fr\/#organization","name":"First Memorial Funeral Services","url":"https:\/\/firstmemorialfairview.com\/fr\/","logo":{"@type":"ImageObject","inLanguage":"fr-FR","@id":"https:\/\/firstmemorialfairview.com\/fr\/#\/schema\/logo\/image\/","url":"https:\/\/firstmemorialfairview.com\/wp-content\/uploads\/2022\/07\/logo.png","contentUrl":"https:\/\/firstmemorialfairview.com\/wp-content\/uploads\/2022\/07\/logo.png","width":190,"height":117,"caption":"First Memorial Funeral Services"},"image":{"@id":"https:\/\/firstmemorialfairview.com\/fr\/#\/schema\/logo\/image\/"}}]}},"_links":{"self":[{"href":"https:\/\/firstmemorialfairview.com\/fr\/wp-json\/wp\/v2\/pages\/14308","targetHints":{"allow":["GET"]}}],"collection":[{"href":"https:\/\/firstmemorialfairview.com\/fr\/wp-json\/wp\/v2\/pages"}],"about":[{"href":"https:\/\/firstmemorialfairview.com\/fr\/wp-json\/wp\/v2\/types\/page"}],"author":[{"embeddable":true,"href":"https:\/\/firstmemorialfairview.com\/fr\/wp-json\/wp\/v2\/users\/1"}],"replies":[{"embeddable":true,"href":"https:\/\/firstmemorialfairview.com\/fr\/wp-json\/wp\/v2\/comments?post=14308"}],"version-history":[{"count":0,"href":"https:\/\/firstmemorialfairview.com\/fr\/wp-json\/wp\/v2\/pages\/14308\/revisions"}],"up":[{"embeddable":true,"href":"https:\/\/firstmemorialfairview.com\/fr\/wp-json\/wp\/v2\/pages\/14327"}],"wp:featuredmedia":[{"embeddable":true,"href":"https:\/\/firstmemorialfairview.com\/fr\/wp-json\/wp\/v2\/media\/14087"}],"wp:attachment":[{"href":"https:\/\/firstmemorialfairview.com\/fr\/wp-json\/wp\/v2\/media?parent=14308"}],"curies":[{"name":"wp","href":"https:\/\/api.w.org\/{rel}","templated":true}]}}