{"id":14305,"date":"2022-07-26T09:07:11","date_gmt":"2022-07-26T09:07:11","guid":{"rendered":"https:\/\/firstmemorialfairview.com\/online-funeral-arrangements\/"},"modified":"2026-03-20T07:48:55","modified_gmt":"2026-03-20T07:48:55","slug":"arrangements-funeraires-en-ligne","status":"publish","type":"page","link":"https:\/\/firstmemorialfairview.com\/fr\/arrangements-funeraires-en-ligne\/","title":{"rendered":"Arrangements fun\u00e9raires en ligne"},"content":{"rendered":"<p><div class=\"fusion-fullwidth fullwidth-box fusion-builder-row-1 fusion-flex-container has-pattern-background has-mask-background nonhundred-percent-fullwidth non-hundred-percent-height-scrolling\" style=\"--awb-border-radius-top-left:0px;--awb-border-radius-top-right:0px;--awb-border-radius-bottom-right:0px;--awb-border-radius-bottom-left:0px;--awb-padding-top:50px;--awb-padding-bottom:0px;--awb-flex-wrap:wrap;\" ><div class=\"fusion-builder-row fusion-row fusion-flex-align-items-flex-start fusion-flex-content-wrap\" style=\"max-width:1372.8px;margin-left: calc(-4% \/ 2 );margin-right: calc(-4% \/ 2 );\"><div class=\"fusion-layout-column fusion_builder_column fusion-builder-column-0 fusion_builder_column_1_1 1_1 fusion-flex-column\" style=\"--awb-bg-size:cover;--awb-width-large:100%;--awb-margin-top-large:10px;--awb-spacing-right-large:1.92%;--awb-margin-bottom-large:10px;--awb-spacing-left-large:1.92%;--awb-width-medium:100%;--awb-order-medium:0;--awb-spacing-right-medium:1.92%;--awb-spacing-left-medium:1.92%;--awb-width-small:100%;--awb-order-small:0;--awb-spacing-right-small:1.92%;--awb-spacing-left-small:1.92%;\"><div class=\"fusion-column-wrapper fusion-column-has-shadow fusion-flex-justify-content-flex-start fusion-content-layout-column\"><div class=\"fusion-title title fusion-title-1 fusion-sep-none fusion-title-center fusion-title-text fusion-title-size-one\" style=\"--awb-margin-top-small:10px;--awb-margin-right-small:0px;--awb-margin-bottom-small:10px;--awb-margin-left-small:0px;\"><h1 class=\"fusion-title-heading title-heading-center\" style=\"margin:0;\">Simplifiez-vous la vie avec les arrangements fun\u00e9raires en ligne \u00e0 Ottawa.<\/h1><\/div><\/div><\/div><\/div><\/div><div class=\"fusion-fullwidth fullwidth-box fusion-builder-row-2 fusion-flex-container has-pattern-background has-mask-background nonhundred-percent-fullwidth non-hundred-percent-height-scrolling\" style=\"--awb-border-radius-top-left:0px;--awb-border-radius-top-right:0px;--awb-border-radius-bottom-right:0px;--awb-border-radius-bottom-left:0px;--awb-padding-top:0px;--awb-padding-bottom:40px;--awb-background-color:#ffffff;--awb-flex-wrap:wrap;\" ><div class=\"fusion-builder-row fusion-row fusion-flex-align-items-flex-start fusion-flex-content-wrap\" style=\"max-width:1372.8px;margin-left: calc(-4% \/ 2 );margin-right: calc(-4% \/ 2 );\"><div class=\"fusion-layout-column fusion_builder_column fusion-builder-column-1 fusion_builder_column_1_1 1_1 fusion-flex-column\" style=\"--awb-bg-size:cover;--awb-width-large:100%;--awb-margin-top-large:10px;--awb-spacing-right-large:1.92%;--awb-margin-bottom-large:10px;--awb-spacing-left-large:1.92%;--awb-width-medium:100%;--awb-order-medium:0;--awb-spacing-right-medium:1.92%;--awb-spacing-left-medium:1.92%;--awb-width-small:100%;--awb-order-small:0;--awb-spacing-right-small:1.92%;--awb-spacing-left-small:1.92%;\"><div class=\"fusion-column-wrapper fusion-column-has-shadow fusion-flex-justify-content-flex-start fusion-content-layout-column\"><div class=\"fusion-title title fusion-title-2 fusion-sep-none fusion-title-center fusion-title-text fusion-title-size-div\" style=\"--awb-text-color:#111111;--awb-margin-bottom:10px;--awb-margin-top-small:10px;--awb-margin-right-small:0px;--awb-margin-bottom-small:10px;--awb-margin-left-small:0px;--awb-font-size:30px;\"><div class=\"fusion-title-heading title-heading-center title-heading-tag\" style=\"font-family:&quot;Raleway&quot;;font-style:normal;font-weight:600;margin:0;text-transform:uppercase;font-size:1em;\">Pour vous simplifier la vie et avoir l&rsquo;esprit tranquille<\/div><\/div><div style=\"text-align:center;\"><a class=\"fusion-button button-flat fusion-button-default-size button-default fusion-button-default button-1 fusion-button-default-span fusion-button-default-type\" style=\"--button_margin-top:20px;\" target=\"_self\" href=\"\/fr\/online-arrangements\/\"><span class=\"fusion-button-text awb-button__text awb-button__text--default\">Commencez \u00e0 prendre des arrangements<\/span><\/a><\/div><\/div><\/div><div class=\"fusion-layout-column fusion_builder_column fusion-builder-column-2 fusion_builder_column_1_1 1_1 fusion-flex-column\" style=\"--awb-bg-size:cover;--awb-width-large:100%;--awb-margin-top-large:10px;--awb-spacing-right-large:1.92%;--awb-margin-bottom-large:10px;--awb-spacing-left-large:1.92%;--awb-width-medium:100%;--awb-order-medium:0;--awb-spacing-right-medium:1.92%;--awb-spacing-left-medium:1.92%;--awb-width-small:100%;--awb-order-small:0;--awb-spacing-right-small:1.92%;--awb-spacing-left-small:1.92%;\"><div class=\"fusion-column-wrapper fusion-column-has-shadow fusion-flex-justify-content-flex-start fusion-content-layout-column\"><div class=\"fusion-text fusion-text-1\"><p>Lorsque vous avez perdu un \u00eatre cher, vous ne voulez peut-\u00eatre pas avoir \u00e0 vous rendre au salon fun\u00e9raire pour compl\u00e9ter tous les arrangements n\u00e9cessaires. First Memorial Fairview offre des arrangements fun\u00e9raires et des <a href=\"https:\/\/firstmemorialfairview.com\/fr\/services-de-cremation-dottawa\/\">services de cr\u00e9mation en ligne<\/a> \u00e0 des prix abordables \u00e0 Ottawa et dans les environs. \u00c0 partir de votre ordinateur, de votre tablette ou de votre t\u00e9l\u00e9phone, vous pouvez s\u00e9lectionner les services souhait\u00e9s dans le confort de votre demeure.<\/p>\n<\/div><div class=\"fusion-text fusion-text-2\"><p style=\"text-align: left;\">\u00c9tant donn\u00e9 que le processus de services fun\u00e9raires et de cr\u00e9mation en ligne doit \u00eatre effectu\u00e9 en une seule s\u00e9ance, nous vous invitons \u00e0 examiner <a href=\"\/fr\/services-denterrement-abordables\/\">notre liste de services<\/a> et les co\u00fbts applicables avant de commencer. De cette fa\u00e7on, vous pouvez prendre votre temps pour planifier exactement ce que vous voulez et discuter avec votre famille ou vos amis, le cas \u00e9ch\u00e9ant. Une fois que vous avez termin\u00e9 le processus, nous nous occupons de vos volont\u00e9s comme indiqu\u00e9 dans vos arrangements fun\u00e9raires en ligne afin que vous puissiez vous concentrer sur le d\u00e9but de votre processus de deuil.<\/p>\n<p style=\"text-align: left;\">Pour plus d&rsquo;informations sur les arrangements fun\u00e9raires en ligne, <a href=\"https:\/\/firstmemorialfairview.com\/fr\/contactez-nous\/\">communiquez avec nous<\/a> d\u00e8s aujourd&rsquo;hui.<\/p>\n<\/div><\/div><\/div><\/div><\/div><div class=\"fusion-fullwidth fullwidth-box fusion-builder-row-3 fusion-flex-container has-pattern-background has-mask-background nonhundred-percent-fullwidth non-hundred-percent-height-scrolling\" style=\"--awb-border-radius-top-left:0px;--awb-border-radius-top-right:0px;--awb-border-radius-bottom-right:0px;--awb-border-radius-bottom-left:0px;--awb-padding-top:0px;--awb-padding-bottom:50px;--awb-background-color:#ffffff;--awb-flex-wrap:wrap;\" ><div class=\"fusion-builder-row fusion-row fusion-flex-align-items-flex-start fusion-flex-content-wrap\" style=\"max-width:1372.8px;margin-left: calc(-4% \/ 2 );margin-right: calc(-4% \/ 2 );\"><div class=\"fusion-layout-column fusion_builder_column fusion-builder-column-3 fusion_builder_column_3_5 3_5 fusion-flex-column\" style=\"--awb-bg-size:cover;--awb-width-large:60%;--awb-margin-top-large:10px;--awb-spacing-right-large:3.2%;--awb-margin-bottom-large:10px;--awb-spacing-left-large:3.2%;--awb-width-medium:60%;--awb-order-medium:0;--awb-spacing-right-medium:3.2%;--awb-spacing-left-medium:3.2%;--awb-width-small:100%;--awb-order-small:0;--awb-spacing-right-small:1.92%;--awb-spacing-left-small:1.92%;\"><div class=\"fusion-column-wrapper fusion-column-has-shadow fusion-flex-justify-content-flex-start fusion-content-layout-column\"><div class=\"fusion-title title fusion-title-3 fusion-sep-none fusion-title-text fusion-title-size-two\" style=\"--awb-margin-top-small:10px;--awb-margin-right-small:0px;--awb-margin-bottom-small:10px;--awb-margin-left-small:0px;\"><h2 class=\"fusion-title-heading title-heading-left\" style=\"margin:0;\">5 raisons de choisir les arrangements fun\u00e9raires en ligne<\/h2><\/div><div class=\"fusion-text fusion-text-3\"><ol class=\"facility\">\n<li>Planifier un service fun\u00e9raire ou de cr\u00e9mation \u00e0 partir du confort de votre domicile;<\/li>\n<li>Gagner du temps gr\u00e2ce \u00e0 notre processus pratique et facile en 3 \u00e9tapes;<\/li>\n<li>\u00c9conomiser de l&rsquo;argent gr\u00e2ce \u00e0 des options flexibles parmi lesquelles vous pouvez choisir;<\/li>\n<li>Un directeur licenci\u00e9 disponible 24 heures sur 24 et 7 jours sur 7 pour r\u00e9pondre \u00e0 toutes vos questions.<\/li>\n<li>Nous nous occupons de tous les arrangements en fonction de vos volont\u00e9s.<\/li>\n<\/ol>\n<\/div><\/div><\/div><div class=\"fusion-layout-column fusion_builder_column fusion-builder-column-4 fusion_builder_column_2_5 2_5 fusion-flex-column\" style=\"--awb-bg-size:cover;--awb-width-large:40%;--awb-margin-top-large:10px;--awb-spacing-right-large:4.8%;--awb-margin-bottom-large:10px;--awb-spacing-left-large:4.8%;--awb-width-medium:40%;--awb-order-medium:0;--awb-spacing-right-medium:4.8%;--awb-spacing-left-medium:4.8%;--awb-width-small:100%;--awb-order-small:0;--awb-spacing-right-small:1.92%;--awb-spacing-left-small:1.92%;\"><div class=\"fusion-column-wrapper fusion-column-has-shadow fusion-flex-justify-content-flex-start fusion-content-layout-column\"><iframe src=\"https:\/\/www.youtube.com\/embed\/uf4nUqEFLCM?enablejsapi=1&origin=https%3A%2F%2Ffirstmemorialfairview.com\" width=\"100%\" height=\"300px\" frameborder=\"0\" allowfullscreen=\"allowfullscreen\" data-gtm-yt-inspected-7=\"true\" id=\"647389977\" data-gtm-yt-inspected-12617996_11=\"true\" title=\"Affordable Cremations and Online Funeral Arrangements in Ottawa - First Memorial Funeral Services\"><\/iframe><\/div><\/div><\/div><\/div><div class=\"fusion-fullwidth fullwidth-box fusion-builder-row-4 fusion-flex-container has-pattern-background has-mask-background nonhundred-percent-fullwidth non-hundred-percent-height-scrolling\" style=\"--awb-border-radius-top-left:0px;--awb-border-radius-top-right:0px;--awb-border-radius-bottom-right:0px;--awb-border-radius-bottom-left:0px;--awb-flex-wrap:wrap;\" ><div class=\"fusion-builder-row fusion-row fusion-flex-align-items-flex-start fusion-flex-content-wrap\" style=\"max-width:1372.8px;margin-left: calc(-4% \/ 2 );margin-right: calc(-4% \/ 2 );\"><div class=\"fusion-layout-column fusion_builder_column fusion-builder-column-5 fusion_builder_column_1_1 1_1 fusion-flex-column\" style=\"--awb-bg-size:cover;--awb-width-large:100%;--awb-margin-top-large:10px;--awb-spacing-right-large:1.92%;--awb-margin-bottom-large:10px;--awb-spacing-left-large:1.92%;--awb-width-medium:100%;--awb-order-medium:0;--awb-spacing-right-medium:1.92%;--awb-spacing-left-medium:1.92%;--awb-width-small:100%;--awb-order-small:0;--awb-spacing-right-small:1.92%;--awb-spacing-left-small:1.92%;\"><div class=\"fusion-column-wrapper fusion-column-has-shadow fusion-flex-justify-content-flex-start fusion-content-layout-column\"><script type=\"application\/ld+json\">{\n  \"@context\": \"http:\/\/schema.org\",\n  \"@type\": \"VideoObject\",\n  \"name\": \"Affordable Cremations and Online Funeral Arrangements in Ottawa - First Memorial Funeral Services\",\n  \"description\": \"Since 1961, First Memorial Funeral Services understands that many people find it difficult to make funeral arrangements, especially in a time of grief. That\u2019s why we have established a service offering online funeral arrangements in Ottawa using a 3-step online arrangement solution.   Now, you can easily decide on the details of funeral arrangements without worrying about traveling to meet us in person. From our website, you will be able to explore different options calmly and objectively, including affordable cremations in Ottawa, to find the most suitable arrangements for your loved one.   All of our packages include a compassionate helpline and other programs designed to help you with the many questions and issues which arise when a death occurs, and our staff is always on hand to assist you with planning a service that fulfills your loved one\u2019s wishes.   For more information, visit us online at https:\/\/www.firstmemorialfairview.com\/ or call us at (613) 860-2424.\",\n  \"thumbnailUrl\": \"https:\/\/i.ytimg.com\/vi\/uf4nUqEFLCM\/default.jpg\",\n  \"uploadDate\": \"2017-10-02T20:26:58Z\",\n  \"duration\": \"PT2M27S\",\n  \"embedUrl\": \"https:\/\/www.youtube.com\/embed\/uf4nUqEFLCM\",\n  \"interactionCount\": \"767\"\n}<\/script><!--Video Markup Code Generated by https:\/\/videoschema.com\/ --><\/div><\/div><\/div><\/div><\/p>\n","protected":false},"excerpt":{"rendered":"","protected":false},"author":1,"featured_media":14059,"parent":0,"menu_order":0,"comment_status":"closed","ping_status":"closed","template":"100-width.php","meta":{"_acf_changed":false,"footnotes":""},"class_list":["post-14305","page","type-page","status-publish","has-post-thumbnail","hentry"],"acf":[],"yoast_head":"<!-- This site is optimized with the Yoast SEO plugin v27.3 - https:\/\/yoast.com\/product\/yoast-seo-wordpress\/ -->\n<title>Arrangements fun\u00e9raires en ligne Ottawa | First Memorial<\/title>\n<meta name=\"description\" content=\"Faites vos arrangements fun\u00e9raires en ligne dans le confort de votre domicile. Services fun\u00e9raires et cr\u00e9mation abordables \u00e0 partir de 1 265 $. Contactez-nous!\" \/>\n<meta name=\"robots\" content=\"index, follow, max-snippet:-1, max-image-preview:large, max-video-preview:-1\" \/>\n<link rel=\"canonical\" href=\"https:\/\/firstmemorialfairview.com\/fr\/arrangements-funeraires-en-ligne\/\" \/>\n<meta property=\"og:locale\" content=\"fr_FR\" \/>\n<meta property=\"og:type\" content=\"article\" \/>\n<meta property=\"og:title\" content=\"Arrangements fun\u00e9raires en ligne Ottawa | First Memorial\" \/>\n<meta property=\"og:description\" content=\"Faites vos arrangements fun\u00e9raires en ligne dans le confort de votre domicile. Services fun\u00e9raires et cr\u00e9mation abordables \u00e0 partir de 1 265 $. Contactez-nous!\" \/>\n<meta property=\"og:url\" content=\"https:\/\/firstmemorialfairview.com\/fr\/arrangements-funeraires-en-ligne\/\" \/>\n<meta property=\"og:site_name\" content=\"First Memorial Fair View\" \/>\n<meta property=\"article:modified_time\" content=\"2026-03-20T07:48:55+00:00\" \/>\n<meta property=\"og:image\" content=\"https:\/\/firstmemorialfairview.com\/wp-content\/uploads\/2022\/09\/banner-6.jpg\" \/>\n\t<meta property=\"og:image:width\" content=\"1600\" \/>\n\t<meta property=\"og:image:height\" content=\"300\" \/>\n\t<meta property=\"og:image:type\" content=\"image\/jpeg\" \/>\n<meta name=\"twitter:card\" content=\"summary_large_image\" \/>\n<meta name=\"twitter:label1\" content=\"Dur\u00e9e de lecture estim\u00e9e\" \/>\n\t<meta name=\"twitter:data1\" content=\"2 minutes\" \/>\n<script type=\"application\/ld+json\" class=\"yoast-schema-graph\">{\"@context\":\"https:\\\/\\\/schema.org\",\"@graph\":[{\"@type\":\"WebPage\",\"@id\":\"https:\\\/\\\/firstmemorialfairview.com\\\/fr\\\/arrangements-funeraires-en-ligne\\\/\",\"url\":\"https:\\\/\\\/firstmemorialfairview.com\\\/fr\\\/arrangements-funeraires-en-ligne\\\/\",\"name\":\"Arrangements fun\u00e9raires en ligne Ottawa | First Memorial\",\"isPartOf\":{\"@id\":\"https:\\\/\\\/firstmemorialfairview.com\\\/fr\\\/#website\"},\"primaryImageOfPage\":{\"@id\":\"https:\\\/\\\/firstmemorialfairview.com\\\/fr\\\/arrangements-funeraires-en-ligne\\\/#primaryimage\"},\"image\":{\"@id\":\"https:\\\/\\\/firstmemorialfairview.com\\\/fr\\\/arrangements-funeraires-en-ligne\\\/#primaryimage\"},\"thumbnailUrl\":\"https:\\\/\\\/firstmemorialfairview.com\\\/wp-content\\\/uploads\\\/2022\\\/09\\\/banner-6.jpg\",\"datePublished\":\"2022-07-26T09:07:11+00:00\",\"dateModified\":\"2026-03-20T07:48:55+00:00\",\"description\":\"Faites vos arrangements fun\u00e9raires en ligne dans le confort de votre domicile. Services fun\u00e9raires et cr\u00e9mation abordables \u00e0 partir de 1 265 $. Contactez-nous!\",\"breadcrumb\":{\"@id\":\"https:\\\/\\\/firstmemorialfairview.com\\\/fr\\\/arrangements-funeraires-en-ligne\\\/#breadcrumb\"},\"inLanguage\":\"fr-FR\",\"potentialAction\":[{\"@type\":\"ReadAction\",\"target\":[\"https:\\\/\\\/firstmemorialfairview.com\\\/fr\\\/arrangements-funeraires-en-ligne\\\/\"]}]},{\"@type\":\"ImageObject\",\"inLanguage\":\"fr-FR\",\"@id\":\"https:\\\/\\\/firstmemorialfairview.com\\\/fr\\\/arrangements-funeraires-en-ligne\\\/#primaryimage\",\"url\":\"https:\\\/\\\/firstmemorialfairview.com\\\/wp-content\\\/uploads\\\/2022\\\/09\\\/banner-6.jpg\",\"contentUrl\":\"https:\\\/\\\/firstmemorialfairview.com\\\/wp-content\\\/uploads\\\/2022\\\/09\\\/banner-6.jpg\",\"width\":1600,\"height\":300,\"caption\":\"banner\"},{\"@type\":\"BreadcrumbList\",\"@id\":\"https:\\\/\\\/firstmemorialfairview.com\\\/fr\\\/arrangements-funeraires-en-ligne\\\/#breadcrumb\",\"itemListElement\":[{\"@type\":\"ListItem\",\"position\":1,\"name\":\"Home\",\"item\":\"https:\\\/\\\/firstmemorialfairview.com\\\/fr\\\/homepage\\\/\"},{\"@type\":\"ListItem\",\"position\":2,\"name\":\"Arrangements fun\u00e9raires en ligne\"}]},{\"@type\":\"WebSite\",\"@id\":\"https:\\\/\\\/firstmemorialfairview.com\\\/fr\\\/#website\",\"url\":\"https:\\\/\\\/firstmemorialfairview.com\\\/fr\\\/\",\"name\":\"First Memorial Fair View\",\"description\":\"Your SUPER-powered WP Engine Site\",\"publisher\":{\"@id\":\"https:\\\/\\\/firstmemorialfairview.com\\\/fr\\\/#organization\"},\"potentialAction\":[{\"@type\":\"SearchAction\",\"target\":{\"@type\":\"EntryPoint\",\"urlTemplate\":\"https:\\\/\\\/firstmemorialfairview.com\\\/fr\\\/?s={search_term_string}\"},\"query-input\":{\"@type\":\"PropertyValueSpecification\",\"valueRequired\":true,\"valueName\":\"search_term_string\"}}],\"inLanguage\":\"fr-FR\"},{\"@type\":\"Organization\",\"@id\":\"https:\\\/\\\/firstmemorialfairview.com\\\/fr\\\/#organization\",\"name\":\"First Memorial Funeral Services\",\"url\":\"https:\\\/\\\/firstmemorialfairview.com\\\/fr\\\/\",\"logo\":{\"@type\":\"ImageObject\",\"inLanguage\":\"fr-FR\",\"@id\":\"https:\\\/\\\/firstmemorialfairview.com\\\/fr\\\/#\\\/schema\\\/logo\\\/image\\\/\",\"url\":\"https:\\\/\\\/firstmemorialfairview.com\\\/wp-content\\\/uploads\\\/2022\\\/07\\\/logo.png\",\"contentUrl\":\"https:\\\/\\\/firstmemorialfairview.com\\\/wp-content\\\/uploads\\\/2022\\\/07\\\/logo.png\",\"width\":190,\"height\":117,\"caption\":\"First Memorial Funeral Services\"},\"image\":{\"@id\":\"https:\\\/\\\/firstmemorialfairview.com\\\/fr\\\/#\\\/schema\\\/logo\\\/image\\\/\"}}]}<\/script>\n<!-- \/ Yoast SEO plugin. -->","yoast_head_json":{"title":"Arrangements fun\u00e9raires en ligne Ottawa | First Memorial","description":"Faites vos arrangements fun\u00e9raires en ligne dans le confort de votre domicile. Services fun\u00e9raires et cr\u00e9mation abordables \u00e0 partir de 1 265 $. Contactez-nous!","robots":{"index":"index","follow":"follow","max-snippet":"max-snippet:-1","max-image-preview":"max-image-preview:large","max-video-preview":"max-video-preview:-1"},"canonical":"https:\/\/firstmemorialfairview.com\/fr\/arrangements-funeraires-en-ligne\/","og_locale":"fr_FR","og_type":"article","og_title":"Arrangements fun\u00e9raires en ligne Ottawa | First Memorial","og_description":"Faites vos arrangements fun\u00e9raires en ligne dans le confort de votre domicile. Services fun\u00e9raires et cr\u00e9mation abordables \u00e0 partir de 1 265 $. Contactez-nous!","og_url":"https:\/\/firstmemorialfairview.com\/fr\/arrangements-funeraires-en-ligne\/","og_site_name":"First Memorial Fair View","article_modified_time":"2026-03-20T07:48:55+00:00","og_image":[{"width":1600,"height":300,"url":"https:\/\/firstmemorialfairview.com\/wp-content\/uploads\/2022\/09\/banner-6.jpg","type":"image\/jpeg"}],"twitter_card":"summary_large_image","twitter_misc":{"Dur\u00e9e de lecture estim\u00e9e":"2 minutes"},"schema":{"@context":"https:\/\/schema.org","@graph":[{"@type":"WebPage","@id":"https:\/\/firstmemorialfairview.com\/fr\/arrangements-funeraires-en-ligne\/","url":"https:\/\/firstmemorialfairview.com\/fr\/arrangements-funeraires-en-ligne\/","name":"Arrangements fun\u00e9raires en ligne Ottawa | First Memorial","isPartOf":{"@id":"https:\/\/firstmemorialfairview.com\/fr\/#website"},"primaryImageOfPage":{"@id":"https:\/\/firstmemorialfairview.com\/fr\/arrangements-funeraires-en-ligne\/#primaryimage"},"image":{"@id":"https:\/\/firstmemorialfairview.com\/fr\/arrangements-funeraires-en-ligne\/#primaryimage"},"thumbnailUrl":"https:\/\/firstmemorialfairview.com\/wp-content\/uploads\/2022\/09\/banner-6.jpg","datePublished":"2022-07-26T09:07:11+00:00","dateModified":"2026-03-20T07:48:55+00:00","description":"Faites vos arrangements fun\u00e9raires en ligne dans le confort de votre domicile. Services fun\u00e9raires et cr\u00e9mation abordables \u00e0 partir de 1 265 $. Contactez-nous!","breadcrumb":{"@id":"https:\/\/firstmemorialfairview.com\/fr\/arrangements-funeraires-en-ligne\/#breadcrumb"},"inLanguage":"fr-FR","potentialAction":[{"@type":"ReadAction","target":["https:\/\/firstmemorialfairview.com\/fr\/arrangements-funeraires-en-ligne\/"]}]},{"@type":"ImageObject","inLanguage":"fr-FR","@id":"https:\/\/firstmemorialfairview.com\/fr\/arrangements-funeraires-en-ligne\/#primaryimage","url":"https:\/\/firstmemorialfairview.com\/wp-content\/uploads\/2022\/09\/banner-6.jpg","contentUrl":"https:\/\/firstmemorialfairview.com\/wp-content\/uploads\/2022\/09\/banner-6.jpg","width":1600,"height":300,"caption":"banner"},{"@type":"BreadcrumbList","@id":"https:\/\/firstmemorialfairview.com\/fr\/arrangements-funeraires-en-ligne\/#breadcrumb","itemListElement":[{"@type":"ListItem","position":1,"name":"Home","item":"https:\/\/firstmemorialfairview.com\/fr\/homepage\/"},{"@type":"ListItem","position":2,"name":"Arrangements fun\u00e9raires en ligne"}]},{"@type":"WebSite","@id":"https:\/\/firstmemorialfairview.com\/fr\/#website","url":"https:\/\/firstmemorialfairview.com\/fr\/","name":"First Memorial Fair View","description":"Your SUPER-powered WP Engine Site","publisher":{"@id":"https:\/\/firstmemorialfairview.com\/fr\/#organization"},"potentialAction":[{"@type":"SearchAction","target":{"@type":"EntryPoint","urlTemplate":"https:\/\/firstmemorialfairview.com\/fr\/?s={search_term_string}"},"query-input":{"@type":"PropertyValueSpecification","valueRequired":true,"valueName":"search_term_string"}}],"inLanguage":"fr-FR"},{"@type":"Organization","@id":"https:\/\/firstmemorialfairview.com\/fr\/#organization","name":"First Memorial Funeral Services","url":"https:\/\/firstmemorialfairview.com\/fr\/","logo":{"@type":"ImageObject","inLanguage":"fr-FR","@id":"https:\/\/firstmemorialfairview.com\/fr\/#\/schema\/logo\/image\/","url":"https:\/\/firstmemorialfairview.com\/wp-content\/uploads\/2022\/07\/logo.png","contentUrl":"https:\/\/firstmemorialfairview.com\/wp-content\/uploads\/2022\/07\/logo.png","width":190,"height":117,"caption":"First Memorial Funeral Services"},"image":{"@id":"https:\/\/firstmemorialfairview.com\/fr\/#\/schema\/logo\/image\/"}}]}},"_links":{"self":[{"href":"https:\/\/firstmemorialfairview.com\/fr\/wp-json\/wp\/v2\/pages\/14305","targetHints":{"allow":["GET"]}}],"collection":[{"href":"https:\/\/firstmemorialfairview.com\/fr\/wp-json\/wp\/v2\/pages"}],"about":[{"href":"https:\/\/firstmemorialfairview.com\/fr\/wp-json\/wp\/v2\/types\/page"}],"author":[{"embeddable":true,"href":"https:\/\/firstmemorialfairview.com\/fr\/wp-json\/wp\/v2\/users\/1"}],"replies":[{"embeddable":true,"href":"https:\/\/firstmemorialfairview.com\/fr\/wp-json\/wp\/v2\/comments?post=14305"}],"version-history":[{"count":0,"href":"https:\/\/firstmemorialfairview.com\/fr\/wp-json\/wp\/v2\/pages\/14305\/revisions"}],"wp:featuredmedia":[{"embeddable":true,"href":"https:\/\/firstmemorialfairview.com\/fr\/wp-json\/wp\/v2\/media\/14059"}],"wp:attachment":[{"href":"https:\/\/firstmemorialfairview.com\/fr\/wp-json\/wp\/v2\/media?parent=14305"}],"curies":[{"name":"wp","href":"https:\/\/api.w.org\/{rel}","templated":true}]}}