{"id":14296,"date":"2022-07-29T07:12:55","date_gmt":"2022-07-29T07:12:55","guid":{"rendered":"https:\/\/firstmemorialfairview.com\/?page_id=14296"},"modified":"2022-09-27T10:11:17","modified_gmt":"2022-09-27T10:11:17","slug":"outaouais","status":"publish","type":"page","link":"https:\/\/firstmemorialfairview.com\/fr\/emplacements\/outaouais\/","title":{"rendered":"Outaouais"},"content":{"rendered":"<p><div class=\"fusion-fullwidth fullwidth-box fusion-builder-row-1 fusion-flex-container nonhundred-percent-fullwidth non-hundred-percent-height-scrolling\" style=\"--awb-border-radius-top-left:0px;--awb-border-radius-top-right:0px;--awb-border-radius-bottom-right:0px;--awb-border-radius-bottom-left:0px;--awb-padding-top:50px;--awb-padding-bottom:50px;--awb-flex-wrap:wrap;\" ><div class=\"fusion-builder-row fusion-row fusion-flex-align-items-flex-start fusion-flex-content-wrap\" style=\"max-width:1372.8px;margin-left: calc(-4% \/ 2 );margin-right: calc(-4% \/ 2 );\"><div class=\"fusion-layout-column fusion_builder_column fusion-builder-column-0 fusion_builder_column_1_1 1_1 fusion-flex-column\" style=\"--awb-bg-size:cover;--awb-width-large:100%;--awb-margin-top-large:10px;--awb-spacing-right-large:1.92%;--awb-margin-bottom-large:10px;--awb-spacing-left-large:1.92%;--awb-width-medium:100%;--awb-order-medium:0;--awb-spacing-right-medium:1.92%;--awb-spacing-left-medium:1.92%;--awb-width-small:100%;--awb-order-small:0;--awb-spacing-right-small:1.92%;--awb-spacing-left-small:1.92%;\"><div class=\"fusion-column-wrapper fusion-column-has-shadow fusion-flex-justify-content-flex-start fusion-content-layout-column\"><div class=\"fusion-title title fusion-title-1 fusion-sep-none fusion-title-center fusion-title-text fusion-title-size-one\" style=\"--awb-margin-top-small:10px;--awb-margin-right-small:0px;--awb-margin-bottom-small:10px;--awb-margin-left-small:0px;\"><h1 class=\"fusion-title-heading title-heading-center\" style=\"margin:0;\">Outaouais<\/h1><\/div><\/div><\/div><div class=\"fusion-layout-column fusion_builder_column fusion-builder-column-1 fusion_builder_column_1_2 1_2 fusion-flex-column\" style=\"--awb-bg-size:cover;--awb-width-large:50%;--awb-margin-top-large:10px;--awb-spacing-right-large:3.84%;--awb-margin-bottom-large:10px;--awb-spacing-left-large:3.84%;--awb-width-medium:50%;--awb-order-medium:0;--awb-spacing-right-medium:3.84%;--awb-spacing-left-medium:3.84%;--awb-width-small:100%;--awb-order-small:0;--awb-spacing-right-small:1.92%;--awb-spacing-left-small:1.92%;\"><div class=\"fusion-column-wrapper fusion-column-has-shadow fusion-flex-justify-content-flex-start fusion-content-layout-column\"><div class=\"fusion-text fusion-text-1\"><p>Choisir un salon fun\u00e9raire et un service de cr\u00e9mation fiables en Outaouais est important pour vous et vos proches. Choisir un salon fun\u00e9raire professionnel qui fait preuve d&rsquo;attention et de compassion, comme les Services fun\u00e9raires First Memorial, peut rendre moins stressant le deuil lorsqu&rsquo;un \u00eatre cher vous a quitt\u00e9 ou la planification de vos derniers arrangements. Notre \u00e9quipe bilingue est au service de la communaut\u00e9 depuis plus de deux\u202fd\u00e9cennies et est devenue un nom bien connu dans la r\u00e9gion de la capitale nationale, offrant des services abordables et des produits fun\u00e9raires de qualit\u00e9.<\/p>\n<\/div><\/div><\/div><div class=\"fusion-layout-column fusion_builder_column fusion-builder-column-2 fusion_builder_column_1_2 1_2 fusion-flex-column\" style=\"--awb-bg-size:cover;--awb-width-large:50%;--awb-margin-top-large:10px;--awb-spacing-right-large:3.84%;--awb-margin-bottom-large:10px;--awb-spacing-left-large:3.84%;--awb-width-medium:50%;--awb-order-medium:0;--awb-spacing-right-medium:3.84%;--awb-spacing-left-medium:3.84%;--awb-width-small:100%;--awb-order-small:0;--awb-spacing-right-small:1.92%;--awb-spacing-left-small:1.92%;\"><div class=\"fusion-column-wrapper fusion-column-has-shadow fusion-flex-justify-content-flex-start fusion-content-layout-column\"><div class=\"fusion-image-element \" style=\"--awb-caption-title-font-family:var(--h2_typography-font-family);--awb-caption-title-font-weight:var(--h2_typography-font-weight);--awb-caption-title-font-style:var(--h2_typography-font-style);--awb-caption-title-size:var(--h2_typography-font-size);--awb-caption-title-transform:var(--h2_typography-text-transform);--awb-caption-title-line-height:var(--h2_typography-line-height);--awb-caption-title-letter-spacing:var(--h2_typography-letter-spacing);\"><span class=\" fusion-imageframe imageframe-none imageframe-1 hover-type-none\"><img decoding=\"async\" width=\"979\" height=\"363\" alt=\"Outaouais\" title=\"005\" src=\"https:\/\/firstmemorialfairview.com\/wp-content\/uploads\/2022\/09\/005.jpg\" class=\"img-responsive wp-image-14046\" srcset=\"https:\/\/firstmemorialfairview.com\/wp-content\/uploads\/2022\/09\/005-200x74.jpg 200w, https:\/\/firstmemorialfairview.com\/wp-content\/uploads\/2022\/09\/005-400x148.jpg 400w, https:\/\/firstmemorialfairview.com\/wp-content\/uploads\/2022\/09\/005-600x222.jpg 600w, https:\/\/firstmemorialfairview.com\/wp-content\/uploads\/2022\/09\/005-800x297.jpg 800w, https:\/\/firstmemorialfairview.com\/wp-content\/uploads\/2022\/09\/005.jpg 979w\" sizes=\"(max-width: 640px) 100vw, 800px\" \/><\/span><\/div><\/div><\/div><\/div><\/div><div class=\"fusion-fullwidth fullwidth-box fusion-builder-row-2 fusion-flex-container nonhundred-percent-fullwidth non-hundred-percent-height-scrolling\" style=\"--awb-border-radius-top-left:0px;--awb-border-radius-top-right:0px;--awb-border-radius-bottom-right:0px;--awb-border-radius-bottom-left:0px;--awb-padding-top:50px;--awb-padding-bottom:50px;--awb-background-color:#e5ecf4;--awb-flex-wrap:wrap;\" ><div class=\"fusion-builder-row fusion-row fusion-flex-align-items-flex-start fusion-flex-content-wrap\" style=\"max-width:1372.8px;margin-left: calc(-4% \/ 2 );margin-right: calc(-4% \/ 2 );\"><div class=\"fusion-layout-column fusion_builder_column fusion-builder-column-3 fusion_builder_column_1_1 1_1 fusion-flex-column\" style=\"--awb-bg-size:cover;--awb-width-large:100%;--awb-margin-top-large:10px;--awb-spacing-right-large:1.92%;--awb-margin-bottom-large:10px;--awb-spacing-left-large:1.92%;--awb-width-medium:100%;--awb-order-medium:0;--awb-spacing-right-medium:1.92%;--awb-spacing-left-medium:1.92%;--awb-width-small:100%;--awb-order-small:0;--awb-spacing-right-small:1.92%;--awb-spacing-left-small:1.92%;\"><div class=\"fusion-column-wrapper fusion-column-has-shadow fusion-flex-justify-content-flex-start fusion-content-layout-column\"><div class=\"fusion-title title fusion-title-2 fusion-sep-none fusion-title-text fusion-title-size-two\" style=\"--awb-margin-top-small:10px;--awb-margin-right-small:0px;--awb-margin-bottom-small:10px;--awb-margin-left-small:0px;\"><h2 class=\"fusion-title-heading title-heading-left\" style=\"margin:0;\">NOS PRODUITS DE CR\u00c9MATION D&rsquo;OUTAOUAIS, QU\u00c9BEC<\/h2><\/div><div class=\"fusion-text fusion-text-2\"><p>Les services fun\u00e9raires First Memorial comprennent que chaque personne est diff\u00e9rente, c&rsquo;est pourquoi nous nous adaptons \u00e0 un large \u00e9ventail d&rsquo;options et de styles de vie lorsqu&rsquo;il s&rsquo;agit de choisir vos produits fun\u00e9raires.<\/p>\n<p>Voici quelques-uns de nos mat\u00e9riaux d&rsquo;urne les plus populaires\u202f:<\/p>\n<ul>\n<li>Urnes en c\u00e9ramique<\/li>\n<li>Urnes en verre<\/li>\n<li>Urnes en m\u00e9tal<\/li>\n<li>Urnes traditionnelles en pierre<\/li>\n<li>Bijoux et souvenirs de cr\u00e9mation<\/li>\n<li>Urnes \u00e9cologiques<\/li>\n<li>Urnes en bois<\/li>\n<\/ul>\n<\/div><\/div><\/div><\/div><\/div><div class=\"fusion-fullwidth fullwidth-box fusion-builder-row-3 fusion-flex-container nonhundred-percent-fullwidth non-hundred-percent-height-scrolling\" style=\"--awb-border-radius-top-left:0px;--awb-border-radius-top-right:0px;--awb-border-radius-bottom-right:0px;--awb-border-radius-bottom-left:0px;--awb-padding-top:50px;--awb-padding-bottom:50px;--awb-flex-wrap:wrap;\" ><div class=\"fusion-builder-row fusion-row fusion-flex-align-items-flex-start fusion-flex-content-wrap\" style=\"max-width:1372.8px;margin-left: calc(-4% \/ 2 );margin-right: calc(-4% \/ 2 );\"><div class=\"fusion-layout-column fusion_builder_column fusion-builder-column-4 fusion_builder_column_3_5 3_5 fusion-flex-column\" style=\"--awb-bg-size:cover;--awb-width-large:60%;--awb-margin-top-large:10px;--awb-spacing-right-large:3.2%;--awb-margin-bottom-large:10px;--awb-spacing-left-large:3.2%;--awb-width-medium:60%;--awb-order-medium:0;--awb-spacing-right-medium:3.2%;--awb-spacing-left-medium:3.2%;--awb-width-small:100%;--awb-order-small:0;--awb-spacing-right-small:1.92%;--awb-spacing-left-small:1.92%;\"><div class=\"fusion-column-wrapper fusion-column-has-shadow fusion-flex-justify-content-flex-start fusion-content-layout-column\"><div class=\"fusion-title title fusion-title-3 fusion-sep-none fusion-title-text fusion-title-size-two\" style=\"--awb-margin-top-small:10px;--awb-margin-right-small:0px;--awb-margin-bottom-small:10px;--awb-margin-left-small:0px;\"><h2 class=\"fusion-title-heading title-heading-left\" style=\"margin:0;\">SERVICES FUN\u00c9RAIRES ET D&rsquo;ENTERREMENT POUR L&rsquo;OUTAOUAIS<\/h2><\/div><div class=\"fusion-text fusion-text-3\"><p>Pour les r\u00e9sidents de l&rsquo;Outaouais, l&rsquo;\u00e9quipe des Services fun\u00e9raires First Memorial est en mesure d&rsquo;aider votre famille en fran\u00e7ais ou en anglais. First Memorial offre \u00e9galement des services fun\u00e9raires et d&rsquo;inhumation de qualit\u00e9. Ces services sont con\u00e7us pour \u00eatre compassionnels et facilement personnalisables. Nous offrons tout, allant des services pr\u00e8s de la tombe aux options fun\u00e9raires traditionnelles. Voici quelques-uns de nos services comm\u00e9moratifs et d&rsquo;inhumation les plus populaires\u202f:<\/p>\n<ul>\n<li><strong>Services fun\u00e9raires traditionnels\u202f:<\/strong> Ces services commencent par une visite ou une exposition, suivie d&rsquo;un service fun\u00e9raires traditionnel au salon fun\u00e9raire, \u00e0 l&rsquo;\u00e9glise ou \u00e0 l&rsquo;endroit de votre choix.<\/li>\n<li><strong>Service comm\u00e9moratif\u202f:<\/strong> Choisissez un service religieux formel ou une r\u00e9union de famille o\u00f9 les cendres de votre \u00eatre cher seront expos\u00e9es. Les invit\u00e9s peuvent partager leurs souvenirs et anecdotes pr\u00e9f\u00e9r\u00e9s avant l&rsquo;inhumation de votre \u00eatre cher.<\/li>\n<li><strong>Service le jour m\u00eame :<\/strong> C\u00e9l\u00e9bration de la vie\u202f: Ce service a lieu dans un salon fun\u00e9raire, une \u00e9glise ou un autre endroit de votre choix. C&rsquo;est un jour pour honorer et c\u00e9l\u00e9brer la vie de votre \u00eatre cher. Cela inclut g\u00e9n\u00e9ralement une r\u00e9ception au cours de laquelle les invit\u00e9s peuvent partager des histoires sur l&rsquo;\u00eatre cher.<\/li>\n<\/ul>\n<\/div><\/div><\/div><div class=\"fusion-layout-column fusion_builder_column fusion-builder-column-5 fusion_builder_column_2_5 2_5 fusion-flex-column\" style=\"--awb-bg-size:cover;--awb-width-large:40%;--awb-margin-top-large:20px;--awb-spacing-right-large:4.8%;--awb-margin-bottom-large:10px;--awb-spacing-left-large:4.8%;--awb-width-medium:40%;--awb-order-medium:0;--awb-spacing-right-medium:4.8%;--awb-spacing-left-medium:4.8%;--awb-width-small:100%;--awb-order-small:0;--awb-spacing-right-small:1.92%;--awb-spacing-left-small:1.92%;\"><div class=\"fusion-column-wrapper fusion-column-has-shadow fusion-flex-justify-content-flex-start fusion-content-layout-column\"><div class=\"fusion-image-element \" style=\"--awb-caption-title-font-family:var(--h2_typography-font-family);--awb-caption-title-font-weight:var(--h2_typography-font-weight);--awb-caption-title-font-style:var(--h2_typography-font-style);--awb-caption-title-size:var(--h2_typography-font-size);--awb-caption-title-transform:var(--h2_typography-text-transform);--awb-caption-title-line-height:var(--h2_typography-line-height);--awb-caption-title-letter-spacing:var(--h2_typography-letter-spacing);\"><span class=\" fusion-imageframe imageframe-none imageframe-2 hover-type-none\"><img decoding=\"async\" width=\"2547\" height=\"2560\" alt=\"iStock scaled\" title=\"Cremation urn at funeral ceramony with floral arrangement\" src=\"https:\/\/firstmemorialfairview.com\/wp-content\/uploads\/2022\/09\/iStock-1401357518-scaled.jpg\" class=\"img-responsive wp-image-14089\" srcset=\"https:\/\/firstmemorialfairview.com\/wp-content\/uploads\/2022\/09\/iStock-1401357518-200x201.jpg 200w, https:\/\/firstmemorialfairview.com\/wp-content\/uploads\/2022\/09\/iStock-1401357518-400x402.jpg 400w, https:\/\/firstmemorialfairview.com\/wp-content\/uploads\/2022\/09\/iStock-1401357518-600x603.jpg 600w, https:\/\/firstmemorialfairview.com\/wp-content\/uploads\/2022\/09\/iStock-1401357518-800x804.jpg 800w, https:\/\/firstmemorialfairview.com\/wp-content\/uploads\/2022\/09\/iStock-1401357518-1200x1206.jpg 1200w, https:\/\/firstmemorialfairview.com\/wp-content\/uploads\/2022\/09\/iStock-1401357518-scaled.jpg 2547w\" sizes=\"(max-width: 640px) 100vw, 600px\" \/><\/span><\/div><\/div><\/div><div class=\"fusion-layout-column fusion_builder_column fusion-builder-column-6 fusion_builder_column_1_1 1_1 fusion-flex-column\" style=\"--awb-bg-size:cover;--awb-width-large:100%;--awb-margin-top-large:-35px;--awb-spacing-right-large:1.92%;--awb-margin-bottom-large:10px;--awb-spacing-left-large:1.92%;--awb-width-medium:100%;--awb-order-medium:0;--awb-spacing-right-medium:1.92%;--awb-spacing-left-medium:1.92%;--awb-width-small:100%;--awb-order-small:0;--awb-spacing-right-small:1.92%;--awb-spacing-left-small:1.92%;\"><div class=\"fusion-column-wrapper fusion-column-has-shadow fusion-flex-justify-content-flex-start fusion-content-layout-column\"><div class=\"fusion-text fusion-text-4\"><ul>\n<li><strong>Service pr\u00e8s de la tombe\u202f:<\/strong> Votre pr\u00eatre, votre ministre ou toute autre personne choisie dirigera les c\u00e9r\u00e9monies pendant que vous ferez vos derniers adieux. Ce service a lieu dans un mausol\u00e9e ou un cimeti\u00e8re de votre choix.<\/li>\n<li><strong>Services de pr\u00e9arrangements fun\u00e9raires\u202f:<\/strong>\u202fLes services fun\u00e9raires First Memorial offrent \u00e9galement des services de pr\u00e9arrangements fun\u00e9raires pour les r\u00e9sidents de l&rsquo;Outaouais soucieux de leurs derniers arrangements. Votre service pr\u00e9planifi\u00e9 peut \u00eatre aussi simple ou d\u00e9taill\u00e9 que vous le souhaitez. Pour en savoir plus sur les arrangements fun\u00e9raires au Canada, visitez-nous ici.<\/li>\n<\/ul>\n<p>Planifiez votre service comm\u00e9moratif ou de cr\u00e9mation avec notre personnel attentionn\u00e9\u202f: L&rsquo;objectif des services fun\u00e9raires First Memorial est de fournir des arrangements fun\u00e9raires faciles et abordables aux r\u00e9sidents de l&rsquo;Outaouais et des r\u00e9gions avoisinantes au Canada. Pour vous assurer que tous vos choix sont respect\u00e9s, communiquez avec nous d\u00e8s aujourd&rsquo;hui.<\/p>\n<\/div><\/div><\/div><\/div><\/div><\/p>\n","protected":false},"excerpt":{"rendered":"","protected":false},"author":1,"featured_media":14044,"parent":14327,"menu_order":0,"comment_status":"closed","ping_status":"closed","template":"100-width.php","meta":{"_acf_changed":false,"footnotes":""},"class_list":["post-14296","page","type-page","status-publish","has-post-thumbnail","hentry"],"acf":[],"yoast_head":"<!-- This site is optimized with the Yoast SEO plugin v27.3 - https:\/\/yoast.com\/product\/yoast-seo-wordpress\/ -->\n<title>Outaouais - First Memorial Fair View<\/title>\n<meta name=\"robots\" content=\"index, follow, max-snippet:-1, max-image-preview:large, max-video-preview:-1\" \/>\n<link rel=\"canonical\" href=\"https:\/\/firstmemorialfairview.com\/fr\/emplacements\/outaouais\/\" \/>\n<meta property=\"og:locale\" content=\"fr_FR\" \/>\n<meta property=\"og:type\" content=\"article\" \/>\n<meta property=\"og:title\" content=\"Outaouais - First Memorial Fair View\" \/>\n<meta property=\"og:url\" content=\"https:\/\/firstmemorialfairview.com\/fr\/emplacements\/outaouais\/\" \/>\n<meta property=\"og:site_name\" content=\"First Memorial Fair View\" \/>\n<meta property=\"article:modified_time\" content=\"2022-09-27T10:11:17+00:00\" \/>\n<meta property=\"og:image\" content=\"https:\/\/firstmemorialfairview.com\/wp-content\/uploads\/2022\/09\/banner-01-1.jpg\" \/>\n\t<meta property=\"og:image:width\" content=\"1600\" \/>\n\t<meta property=\"og:image:height\" content=\"300\" \/>\n\t<meta property=\"og:image:type\" content=\"image\/jpeg\" \/>\n<meta name=\"twitter:card\" content=\"summary_large_image\" \/>\n<meta name=\"twitter:label1\" content=\"Dur\u00e9e de lecture estim\u00e9e\" \/>\n\t<meta name=\"twitter:data1\" content=\"10 minutes\" \/>\n<script type=\"application\/ld+json\" class=\"yoast-schema-graph\">{\"@context\":\"https:\\\/\\\/schema.org\",\"@graph\":[{\"@type\":\"WebPage\",\"@id\":\"https:\\\/\\\/firstmemorialfairview.com\\\/fr\\\/emplacements\\\/outaouais\\\/\",\"url\":\"https:\\\/\\\/firstmemorialfairview.com\\\/fr\\\/emplacements\\\/outaouais\\\/\",\"name\":\"Outaouais - First Memorial Fair View\",\"isPartOf\":{\"@id\":\"https:\\\/\\\/firstmemorialfairview.com\\\/fr\\\/#website\"},\"primaryImageOfPage\":{\"@id\":\"https:\\\/\\\/firstmemorialfairview.com\\\/fr\\\/emplacements\\\/outaouais\\\/#primaryimage\"},\"image\":{\"@id\":\"https:\\\/\\\/firstmemorialfairview.com\\\/fr\\\/emplacements\\\/outaouais\\\/#primaryimage\"},\"thumbnailUrl\":\"https:\\\/\\\/firstmemorialfairview.com\\\/wp-content\\\/uploads\\\/2022\\\/09\\\/banner-01-1.jpg\",\"datePublished\":\"2022-07-29T07:12:55+00:00\",\"dateModified\":\"2022-09-27T10:11:17+00:00\",\"breadcrumb\":{\"@id\":\"https:\\\/\\\/firstmemorialfairview.com\\\/fr\\\/emplacements\\\/outaouais\\\/#breadcrumb\"},\"inLanguage\":\"fr-FR\",\"potentialAction\":[{\"@type\":\"ReadAction\",\"target\":[\"https:\\\/\\\/firstmemorialfairview.com\\\/fr\\\/emplacements\\\/outaouais\\\/\"]}]},{\"@type\":\"ImageObject\",\"inLanguage\":\"fr-FR\",\"@id\":\"https:\\\/\\\/firstmemorialfairview.com\\\/fr\\\/emplacements\\\/outaouais\\\/#primaryimage\",\"url\":\"https:\\\/\\\/firstmemorialfairview.com\\\/wp-content\\\/uploads\\\/2022\\\/09\\\/banner-01-1.jpg\",\"contentUrl\":\"https:\\\/\\\/firstmemorialfairview.com\\\/wp-content\\\/uploads\\\/2022\\\/09\\\/banner-01-1.jpg\",\"width\":1600,\"height\":300,\"caption\":\"banner\"},{\"@type\":\"BreadcrumbList\",\"@id\":\"https:\\\/\\\/firstmemorialfairview.com\\\/fr\\\/emplacements\\\/outaouais\\\/#breadcrumb\",\"itemListElement\":[{\"@type\":\"ListItem\",\"position\":1,\"name\":\"Home\",\"item\":\"https:\\\/\\\/firstmemorialfairview.com\\\/fr\\\/homepage\\\/\"},{\"@type\":\"ListItem\",\"position\":2,\"name\":\"Emplacements\",\"item\":\"https:\\\/\\\/firstmemorialfairview.com\\\/fr\\\/emplacements\\\/\"},{\"@type\":\"ListItem\",\"position\":3,\"name\":\"Outaouais\"}]},{\"@type\":\"WebSite\",\"@id\":\"https:\\\/\\\/firstmemorialfairview.com\\\/fr\\\/#website\",\"url\":\"https:\\\/\\\/firstmemorialfairview.com\\\/fr\\\/\",\"name\":\"First Memorial Fair View\",\"description\":\"Your SUPER-powered WP Engine Site\",\"publisher\":{\"@id\":\"https:\\\/\\\/firstmemorialfairview.com\\\/fr\\\/#organization\"},\"potentialAction\":[{\"@type\":\"SearchAction\",\"target\":{\"@type\":\"EntryPoint\",\"urlTemplate\":\"https:\\\/\\\/firstmemorialfairview.com\\\/fr\\\/?s={search_term_string}\"},\"query-input\":{\"@type\":\"PropertyValueSpecification\",\"valueRequired\":true,\"valueName\":\"search_term_string\"}}],\"inLanguage\":\"fr-FR\"},{\"@type\":\"Organization\",\"@id\":\"https:\\\/\\\/firstmemorialfairview.com\\\/fr\\\/#organization\",\"name\":\"First Memorial Funeral Services\",\"url\":\"https:\\\/\\\/firstmemorialfairview.com\\\/fr\\\/\",\"logo\":{\"@type\":\"ImageObject\",\"inLanguage\":\"fr-FR\",\"@id\":\"https:\\\/\\\/firstmemorialfairview.com\\\/fr\\\/#\\\/schema\\\/logo\\\/image\\\/\",\"url\":\"https:\\\/\\\/firstmemorialfairview.com\\\/wp-content\\\/uploads\\\/2022\\\/07\\\/logo.png\",\"contentUrl\":\"https:\\\/\\\/firstmemorialfairview.com\\\/wp-content\\\/uploads\\\/2022\\\/07\\\/logo.png\",\"width\":190,\"height\":117,\"caption\":\"First Memorial Funeral Services\"},\"image\":{\"@id\":\"https:\\\/\\\/firstmemorialfairview.com\\\/fr\\\/#\\\/schema\\\/logo\\\/image\\\/\"}}]}<\/script>\n<!-- \/ Yoast SEO plugin. -->","yoast_head_json":{"title":"Outaouais - First Memorial Fair View","robots":{"index":"index","follow":"follow","max-snippet":"max-snippet:-1","max-image-preview":"max-image-preview:large","max-video-preview":"max-video-preview:-1"},"canonical":"https:\/\/firstmemorialfairview.com\/fr\/emplacements\/outaouais\/","og_locale":"fr_FR","og_type":"article","og_title":"Outaouais - First Memorial Fair View","og_url":"https:\/\/firstmemorialfairview.com\/fr\/emplacements\/outaouais\/","og_site_name":"First Memorial Fair View","article_modified_time":"2022-09-27T10:11:17+00:00","og_image":[{"width":1600,"height":300,"url":"https:\/\/firstmemorialfairview.com\/wp-content\/uploads\/2022\/09\/banner-01-1.jpg","type":"image\/jpeg"}],"twitter_card":"summary_large_image","twitter_misc":{"Dur\u00e9e de lecture estim\u00e9e":"10 minutes"},"schema":{"@context":"https:\/\/schema.org","@graph":[{"@type":"WebPage","@id":"https:\/\/firstmemorialfairview.com\/fr\/emplacements\/outaouais\/","url":"https:\/\/firstmemorialfairview.com\/fr\/emplacements\/outaouais\/","name":"Outaouais - First Memorial Fair View","isPartOf":{"@id":"https:\/\/firstmemorialfairview.com\/fr\/#website"},"primaryImageOfPage":{"@id":"https:\/\/firstmemorialfairview.com\/fr\/emplacements\/outaouais\/#primaryimage"},"image":{"@id":"https:\/\/firstmemorialfairview.com\/fr\/emplacements\/outaouais\/#primaryimage"},"thumbnailUrl":"https:\/\/firstmemorialfairview.com\/wp-content\/uploads\/2022\/09\/banner-01-1.jpg","datePublished":"2022-07-29T07:12:55+00:00","dateModified":"2022-09-27T10:11:17+00:00","breadcrumb":{"@id":"https:\/\/firstmemorialfairview.com\/fr\/emplacements\/outaouais\/#breadcrumb"},"inLanguage":"fr-FR","potentialAction":[{"@type":"ReadAction","target":["https:\/\/firstmemorialfairview.com\/fr\/emplacements\/outaouais\/"]}]},{"@type":"ImageObject","inLanguage":"fr-FR","@id":"https:\/\/firstmemorialfairview.com\/fr\/emplacements\/outaouais\/#primaryimage","url":"https:\/\/firstmemorialfairview.com\/wp-content\/uploads\/2022\/09\/banner-01-1.jpg","contentUrl":"https:\/\/firstmemorialfairview.com\/wp-content\/uploads\/2022\/09\/banner-01-1.jpg","width":1600,"height":300,"caption":"banner"},{"@type":"BreadcrumbList","@id":"https:\/\/firstmemorialfairview.com\/fr\/emplacements\/outaouais\/#breadcrumb","itemListElement":[{"@type":"ListItem","position":1,"name":"Home","item":"https:\/\/firstmemorialfairview.com\/fr\/homepage\/"},{"@type":"ListItem","position":2,"name":"Emplacements","item":"https:\/\/firstmemorialfairview.com\/fr\/emplacements\/"},{"@type":"ListItem","position":3,"name":"Outaouais"}]},{"@type":"WebSite","@id":"https:\/\/firstmemorialfairview.com\/fr\/#website","url":"https:\/\/firstmemorialfairview.com\/fr\/","name":"First Memorial Fair View","description":"Your SUPER-powered WP Engine Site","publisher":{"@id":"https:\/\/firstmemorialfairview.com\/fr\/#organization"},"potentialAction":[{"@type":"SearchAction","target":{"@type":"EntryPoint","urlTemplate":"https:\/\/firstmemorialfairview.com\/fr\/?s={search_term_string}"},"query-input":{"@type":"PropertyValueSpecification","valueRequired":true,"valueName":"search_term_string"}}],"inLanguage":"fr-FR"},{"@type":"Organization","@id":"https:\/\/firstmemorialfairview.com\/fr\/#organization","name":"First Memorial Funeral Services","url":"https:\/\/firstmemorialfairview.com\/fr\/","logo":{"@type":"ImageObject","inLanguage":"fr-FR","@id":"https:\/\/firstmemorialfairview.com\/fr\/#\/schema\/logo\/image\/","url":"https:\/\/firstmemorialfairview.com\/wp-content\/uploads\/2022\/07\/logo.png","contentUrl":"https:\/\/firstmemorialfairview.com\/wp-content\/uploads\/2022\/07\/logo.png","width":190,"height":117,"caption":"First Memorial Funeral Services"},"image":{"@id":"https:\/\/firstmemorialfairview.com\/fr\/#\/schema\/logo\/image\/"}}]}},"_links":{"self":[{"href":"https:\/\/firstmemorialfairview.com\/fr\/wp-json\/wp\/v2\/pages\/14296","targetHints":{"allow":["GET"]}}],"collection":[{"href":"https:\/\/firstmemorialfairview.com\/fr\/wp-json\/wp\/v2\/pages"}],"about":[{"href":"https:\/\/firstmemorialfairview.com\/fr\/wp-json\/wp\/v2\/types\/page"}],"author":[{"embeddable":true,"href":"https:\/\/firstmemorialfairview.com\/fr\/wp-json\/wp\/v2\/users\/1"}],"replies":[{"embeddable":true,"href":"https:\/\/firstmemorialfairview.com\/fr\/wp-json\/wp\/v2\/comments?post=14296"}],"version-history":[{"count":0,"href":"https:\/\/firstmemorialfairview.com\/fr\/wp-json\/wp\/v2\/pages\/14296\/revisions"}],"up":[{"embeddable":true,"href":"https:\/\/firstmemorialfairview.com\/fr\/wp-json\/wp\/v2\/pages\/14327"}],"wp:featuredmedia":[{"embeddable":true,"href":"https:\/\/firstmemorialfairview.com\/fr\/wp-json\/wp\/v2\/media\/14044"}],"wp:attachment":[{"href":"https:\/\/firstmemorialfairview.com\/fr\/wp-json\/wp\/v2\/media?parent=14296"}],"curies":[{"name":"wp","href":"https:\/\/api.w.org\/{rel}","templated":true}]}}