{"id":14289,"date":"2022-07-29T07:08:21","date_gmt":"2022-07-29T07:08:21","guid":{"rendered":"https:\/\/firstmemorialfairview.com\/?page_id=14289"},"modified":"2022-10-18T12:59:31","modified_gmt":"2022-10-18T12:59:31","slug":"comte-de-renfrew","status":"publish","type":"page","link":"https:\/\/firstmemorialfairview.com\/fr\/emplacements\/comte-de-renfrew\/","title":{"rendered":"COMT\u00c9 DE RENFREW"},"content":{"rendered":"<p><div class=\"fusion-fullwidth fullwidth-box fusion-builder-row-1 fusion-flex-container nonhundred-percent-fullwidth non-hundred-percent-height-scrolling\" style=\"--awb-border-radius-top-left:0px;--awb-border-radius-top-right:0px;--awb-border-radius-bottom-right:0px;--awb-border-radius-bottom-left:0px;--awb-padding-top:50px;--awb-padding-bottom:50px;--awb-flex-wrap:wrap;\" ><div class=\"fusion-builder-row fusion-row fusion-flex-align-items-flex-start fusion-flex-content-wrap\" style=\"max-width:1372.8px;margin-left: calc(-4% \/ 2 );margin-right: calc(-4% \/ 2 );\"><div class=\"fusion-layout-column fusion_builder_column fusion-builder-column-0 fusion_builder_column_1_1 1_1 fusion-flex-column\" style=\"--awb-bg-size:cover;--awb-width-large:100%;--awb-margin-top-large:10px;--awb-spacing-right-large:1.92%;--awb-margin-bottom-large:10px;--awb-spacing-left-large:1.92%;--awb-width-medium:100%;--awb-order-medium:0;--awb-spacing-right-medium:1.92%;--awb-spacing-left-medium:1.92%;--awb-width-small:100%;--awb-order-small:0;--awb-spacing-right-small:1.92%;--awb-spacing-left-small:1.92%;\"><div class=\"fusion-column-wrapper fusion-column-has-shadow fusion-flex-justify-content-flex-start fusion-content-layout-column\"><div class=\"fusion-title title fusion-title-1 fusion-sep-none fusion-title-center fusion-title-text fusion-title-size-one\" style=\"--awb-margin-top-small:10px;--awb-margin-right-small:0px;--awb-margin-bottom-small:10px;--awb-margin-left-small:0px;\"><h1 class=\"fusion-title-heading title-heading-center\" style=\"margin:0;\">COMT\u00c9 DE RENFREW<\/h1><\/div><\/div><\/div><div class=\"fusion-layout-column fusion_builder_column fusion-builder-column-1 fusion_builder_column_3_5 3_5 fusion-flex-column\" style=\"--awb-bg-size:cover;--awb-width-large:60%;--awb-margin-top-large:10px;--awb-spacing-right-large:3.2%;--awb-margin-bottom-large:10px;--awb-spacing-left-large:3.2%;--awb-width-medium:60%;--awb-order-medium:0;--awb-spacing-right-medium:3.2%;--awb-spacing-left-medium:3.2%;--awb-width-small:100%;--awb-order-small:0;--awb-spacing-right-small:1.92%;--awb-spacing-left-small:1.92%;\"><div class=\"fusion-column-wrapper fusion-column-has-shadow fusion-flex-justify-content-flex-start fusion-content-layout-column\"><div class=\"fusion-text fusion-text-1\"><p>Dire au revoir \u00e0 un \u00eatre cher est d\u00e9j\u00e0 assez difficile sans avoir \u00e0 g\u00e9rer tous les arrangements et les d\u00e9cisions qui en d\u00e9coulent. Vous devriez pouvoir vous concentrer sur le moment en partageant des souvenirs positifs et en c\u00e9l\u00e9brant sa vie, sans avoir \u00e0 vous soucier des arrangements pour le salon fun\u00e9raire et les services de cr\u00e9mation.<\/p>\n<p>Choisir un salon fun\u00e9raire dans le comt\u00e9 de Renfrew avec un personnel compatissant, discret et d\u00e9vou\u00e9 est votre premi\u00e8re \u00e9tape. Chez les salons fun\u00e9raires First Memorial, nous offrons des forfaits abordables de services d&rsquo;inhumation et de cr\u00e9mation tout en fournissant l&rsquo;attention et la compassion que vous recherchez pendant cette p\u00e9riode de deuil et de comm\u00e9moration.<\/p>\n<\/div><\/div><\/div><div class=\"fusion-layout-column fusion_builder_column fusion-builder-column-2 fusion_builder_column_2_5 2_5 fusion-flex-column\" style=\"--awb-bg-size:cover;--awb-width-large:40%;--awb-margin-top-large:10px;--awb-spacing-right-large:4.8%;--awb-margin-bottom-large:10px;--awb-spacing-left-large:4.8%;--awb-width-medium:40%;--awb-order-medium:0;--awb-spacing-right-medium:4.8%;--awb-spacing-left-medium:4.8%;--awb-width-small:100%;--awb-order-small:0;--awb-spacing-right-small:1.92%;--awb-spacing-left-small:1.92%;\"><div class=\"fusion-column-wrapper fusion-column-has-shadow fusion-flex-justify-content-flex-start fusion-content-layout-column\"><div class=\"fusion-image-element \" style=\"--awb-caption-title-font-family:var(--h2_typography-font-family);--awb-caption-title-font-weight:var(--h2_typography-font-weight);--awb-caption-title-font-style:var(--h2_typography-font-style);--awb-caption-title-size:var(--h2_typography-font-size);--awb-caption-title-transform:var(--h2_typography-text-transform);--awb-caption-title-line-height:var(--h2_typography-line-height);--awb-caption-title-letter-spacing:var(--h2_typography-letter-spacing);\"><span class=\" fusion-imageframe imageframe-none imageframe-1 hover-type-none\"><img decoding=\"async\" width=\"430\" height=\"339\" alt=\"Renfrew County\" title=\"008\" src=\"https:\/\/firstmemorialfairview.com\/wp-content\/uploads\/2022\/09\/008.jpg\" class=\"img-responsive wp-image-14050\" srcset=\"https:\/\/firstmemorialfairview.com\/wp-content\/uploads\/2022\/09\/008-200x158.jpg 200w, https:\/\/firstmemorialfairview.com\/wp-content\/uploads\/2022\/09\/008-400x315.jpg 400w, https:\/\/firstmemorialfairview.com\/wp-content\/uploads\/2022\/09\/008.jpg 430w\" sizes=\"(max-width: 640px) 100vw, 430px\" \/><\/span><\/div><\/div><\/div><\/div><\/div><div class=\"fusion-fullwidth fullwidth-box fusion-builder-row-2 fusion-flex-container nonhundred-percent-fullwidth non-hundred-percent-height-scrolling\" style=\"--awb-border-radius-top-left:0px;--awb-border-radius-top-right:0px;--awb-border-radius-bottom-right:0px;--awb-border-radius-bottom-left:0px;--awb-padding-top:50px;--awb-padding-bottom:50px;--awb-background-color:#e5ecf4;--awb-flex-wrap:wrap;\" ><div class=\"fusion-builder-row fusion-row fusion-flex-align-items-flex-start fusion-flex-content-wrap\" style=\"max-width:1372.8px;margin-left: calc(-4% \/ 2 );margin-right: calc(-4% \/ 2 );\"><div class=\"fusion-layout-column fusion_builder_column fusion-builder-column-3 fusion_builder_column_1_1 1_1 fusion-flex-column\" style=\"--awb-bg-size:cover;--awb-width-large:100%;--awb-margin-top-large:10px;--awb-spacing-right-large:1.92%;--awb-margin-bottom-large:10px;--awb-spacing-left-large:1.92%;--awb-width-medium:100%;--awb-order-medium:0;--awb-spacing-right-medium:1.92%;--awb-spacing-left-medium:1.92%;--awb-width-small:100%;--awb-order-small:0;--awb-spacing-right-small:1.92%;--awb-spacing-left-small:1.92%;\"><div class=\"fusion-column-wrapper fusion-column-has-shadow fusion-flex-justify-content-flex-start fusion-content-layout-column\"><div class=\"fusion-text fusion-text-2\"><p>En tant que l&rsquo;un des principaux salons fun\u00e9raires et services de cr\u00e9mation au Canada, vous et votre famille pouvez vivre ce moment d&rsquo;une fa\u00e7on qui r\u00e9pond \u00e0 vos besoins et \u00e0 vos go\u00fbts uniques. Laissez-nous vous aider en all\u00e9geant votre stress dans ce moment difficile gr\u00e2ce \u00e0 nos services personnalis\u00e9s.<\/p>\n<p>Depuis notre d\u00e9but, il y a plus de vingt\u202fans, nous offrons des services fun\u00e9raires de haute qualit\u00e9 qui sont \u00e9galement attentifs aux co\u00fbts. Cela vous permet de faire votre deuil au lieu de vous stresser pour les obligations financi\u00e8res de l&rsquo;enterrement.<\/p>\n<p>Passez du temps en comm\u00e9morant votre \u00eatre cher, avec un service traditionnel, comm\u00e9moratif, le m\u00eame jour, un service pr\u00e8s de la tombe ou sans service de cr\u00e9mation du tout. Le choix vous appartient, et nous sommes l\u00e0 pour vous aider \u00e0 rendre ce moment m\u00e9morable pour tous.<\/p>\n<\/div><\/div><\/div><\/div><\/div><div class=\"fusion-fullwidth fullwidth-box fusion-builder-row-3 fusion-flex-container nonhundred-percent-fullwidth non-hundred-percent-height-scrolling\" style=\"--awb-border-radius-top-left:0px;--awb-border-radius-top-right:0px;--awb-border-radius-bottom-right:0px;--awb-border-radius-bottom-left:0px;--awb-padding-top:50px;--awb-padding-bottom:50px;--awb-flex-wrap:wrap;\" ><div class=\"fusion-builder-row fusion-row fusion-flex-align-items-flex-start fusion-flex-content-wrap\" style=\"max-width:1372.8px;margin-left: calc(-4% \/ 2 );margin-right: calc(-4% \/ 2 );\"><div class=\"fusion-layout-column fusion_builder_column fusion-builder-column-4 fusion_builder_column_3_5 3_5 fusion-flex-column\" style=\"--awb-bg-size:cover;--awb-width-large:60%;--awb-margin-top-large:10px;--awb-spacing-right-large:3.2%;--awb-margin-bottom-large:10px;--awb-spacing-left-large:3.2%;--awb-width-medium:60%;--awb-order-medium:0;--awb-spacing-right-medium:3.2%;--awb-spacing-left-medium:3.2%;--awb-width-small:100%;--awb-order-small:0;--awb-spacing-right-small:1.92%;--awb-spacing-left-small:1.92%;\"><div class=\"fusion-column-wrapper fusion-column-has-shadow fusion-flex-justify-content-flex-start fusion-content-layout-column\"><div class=\"fusion-title title fusion-title-2 fusion-sep-none fusion-title-text fusion-title-size-two\" style=\"--awb-margin-top-small:10px;--awb-margin-right-small:0px;--awb-margin-bottom-small:10px;--awb-margin-left-small:0px;\"><h2 class=\"fusion-title-heading title-heading-left\" style=\"margin:0;\">SERVICES FUN\u00c9RAIRES ET D&rsquo;ENTERREMENT DANS LE COMT\u00c9 DE RENFREW<\/h2><\/div><div class=\"fusion-text fusion-text-3\"><p>Nous offrons plusieurs options de fin de vie et nous travaillerons avec vous \u00e0 chaque \u00e9tape du processus. Nous vous offrons des services fun\u00e9raires et de cr\u00e9mation compassionnels et personnalis\u00e9s, dont les suivants\u202f:<\/p>\n<ul>\n<li><strong>Services fun\u00e9raires traditionnels \u2013<\/strong>\u202fPrenez le temps de permettre \u00e0 la famille et aux amis de se joindre \u00e0 vous lors de la visite et\/ou de l&rsquo;exposition avant les fun\u00e9railles. Le service peut avoir lieu \u00e0 notre salon fun\u00e9raire, \u00e0 votre \u00e9glise ou \u00e0 un autre endroit.<\/li>\n<li><strong>Service comm\u00e9moratif \u2013<\/strong> G\u00e9n\u00e9ralement organis\u00e9 apr\u00e8s l&rsquo;enterrement, un service comm\u00e9moratif est l&rsquo;occasion de c\u00e9l\u00e9brer la vie de votre \u00eatre cher. Souvent, des tableaux de souvenirs et d&rsquo;autres objets m\u00e9morables sont affich\u00e9s. Les gens peuvent partager leurs meilleurs souvenirs de l&rsquo;\u00eatre cher gr\u00e2ce \u00e0 un microphone ouvert.<\/li>\n<li><strong>Service le jour m\u00eame &#8211;<\/strong> C\u00e9l\u00e9bration de la vie \u2013 Utilisez ce service si vous souhaitez que l&rsquo;enterrement ait lieu imm\u00e9diatement avant la c\u00e9l\u00e9bration. Vous pouvez organiser le service au salon fun\u00e9raire, \u00e0 l&rsquo;\u00e9glise ou \u00e0 un autre endroit. Partagez les souvenirs de l&rsquo;\u00eatre cher entre vous et affichez les photos et autres souvenirs.<\/li>\n<\/ul>\n<\/div><\/div><\/div><div class=\"fusion-layout-column fusion_builder_column fusion-builder-column-5 fusion_builder_column_2_5 2_5 fusion-flex-column\" style=\"--awb-bg-size:cover;--awb-width-large:40%;--awb-margin-top-large:20px;--awb-spacing-right-large:4.8%;--awb-margin-bottom-large:10px;--awb-spacing-left-large:4.8%;--awb-width-medium:40%;--awb-order-medium:0;--awb-spacing-right-medium:4.8%;--awb-spacing-left-medium:4.8%;--awb-width-small:100%;--awb-order-small:0;--awb-spacing-right-small:1.92%;--awb-spacing-left-small:1.92%;\"><div class=\"fusion-column-wrapper fusion-column-has-shadow fusion-flex-justify-content-flex-start fusion-content-layout-column\"><div class=\"fusion-image-element \" style=\"--awb-caption-title-font-family:var(--h2_typography-font-family);--awb-caption-title-font-weight:var(--h2_typography-font-weight);--awb-caption-title-font-style:var(--h2_typography-font-style);--awb-caption-title-size:var(--h2_typography-font-size);--awb-caption-title-transform:var(--h2_typography-text-transform);--awb-caption-title-line-height:var(--h2_typography-line-height);--awb-caption-title-letter-spacing:var(--h2_typography-letter-spacing);\"><span class=\" fusion-imageframe imageframe-none imageframe-2 hover-type-none\"><img decoding=\"async\" width=\"432\" height=\"450\" alt=\"Renfrew County\" title=\"006\" src=\"https:\/\/firstmemorialfairview.com\/wp-content\/uploads\/2022\/09\/006.jpg\" class=\"img-responsive wp-image-14052\" srcset=\"https:\/\/firstmemorialfairview.com\/wp-content\/uploads\/2022\/09\/006-200x208.jpg 200w, https:\/\/firstmemorialfairview.com\/wp-content\/uploads\/2022\/09\/006-400x417.jpg 400w, https:\/\/firstmemorialfairview.com\/wp-content\/uploads\/2022\/09\/006.jpg 432w\" sizes=\"(max-width: 640px) 100vw, 432px\" \/><\/span><\/div><\/div><\/div><div class=\"fusion-layout-column fusion_builder_column fusion-builder-column-6 fusion_builder_column_1_1 1_1 fusion-flex-column\" style=\"--awb-bg-size:cover;--awb-width-large:100%;--awb-margin-top-large:-35px;--awb-spacing-right-large:1.92%;--awb-margin-bottom-large:10px;--awb-spacing-left-large:1.92%;--awb-width-medium:100%;--awb-order-medium:0;--awb-spacing-right-medium:1.92%;--awb-spacing-left-medium:1.92%;--awb-width-small:100%;--awb-order-small:0;--awb-spacing-right-small:1.92%;--awb-spacing-left-small:1.92%;\"><div class=\"fusion-column-wrapper fusion-column-has-shadow fusion-flex-justify-content-flex-start fusion-content-layout-column\"><div class=\"fusion-text fusion-text-4\"><ul>\n<li><strong>Service pr\u00e8s de la tombe \u2013<\/strong>\u202fVotre pr\u00eatre, votre ministre ou toute autre personne choisie dirigera les c\u00e9r\u00e9monies dans un mausol\u00e9e ou un cimeti\u00e8re de votre choix. Une r\u00e9ception peut \u00eatre organis\u00e9e apr\u00e8s le service pour la famille et les amis.<\/li>\n<li><strong>Disposition imm\u00e9diate (sans service) &#8211;<\/strong> Tout le monde ne choisit pas d&rsquo;avoir un service. Nous pouvons vous aider en pr\u00e9parant votre \u00eatre cher pour la cr\u00e9mation, ainsi que tous les documents n\u00e9cessaires. Nous transporterons ensuite votre \u00eatre cher au cr\u00e9matorium.<\/li>\n<li><strong>Arrangements pendant un voyage &#8211;<\/strong> Si un d\u00e9c\u00e8s inattendu survient pendant que vous \u00eates en voyage, nous pouvons vous aider \u00e0 ramener votre \u00eatre cher en toute s\u00e9curit\u00e9 au Canada. Nous pouvons \u00e9galement vous aider \u00e0 organiser les services d&rsquo;inhumation ou de cr\u00e9mation de votre choix.<\/li>\n<\/ul>\n<p>Laissez-nous vous aider \u00e0 c\u00e9l\u00e9brer la vie de votre \u00eatre cher qui vous a quitt\u00e9!<\/p>\n<p>Communiquez avec nous pour en savoir plus sur nos services de cr\u00e9mation et nos services fun\u00e9raires dans le comt\u00e9 de Renfrew, y compris le choix de votre propre c\u00e9l\u00e9bration avec une assistance pour vos pr\u00e9arrangements.<\/p>\n<\/div><\/div><\/div><\/div><\/div><\/p>\n","protected":false},"excerpt":{"rendered":"","protected":false},"author":1,"featured_media":14048,"parent":14327,"menu_order":0,"comment_status":"closed","ping_status":"closed","template":"100-width.php","meta":{"_acf_changed":false,"footnotes":""},"class_list":["post-14289","page","type-page","status-publish","has-post-thumbnail","hentry"],"acf":[],"yoast_head":"<!-- This site is optimized with the Yoast SEO plugin v27.3 - https:\/\/yoast.com\/product\/yoast-seo-wordpress\/ -->\n<title>COMT\u00c9 DE RENFREW - First Memorial Fair View<\/title>\n<meta name=\"robots\" content=\"index, follow, max-snippet:-1, max-image-preview:large, max-video-preview:-1\" \/>\n<link rel=\"canonical\" href=\"https:\/\/firstmemorialfairview.com\/fr\/emplacements\/comte-de-renfrew\/\" \/>\n<meta property=\"og:locale\" content=\"fr_FR\" \/>\n<meta property=\"og:type\" content=\"article\" \/>\n<meta property=\"og:title\" content=\"COMT\u00c9 DE RENFREW - First Memorial Fair View\" \/>\n<meta property=\"og:url\" content=\"https:\/\/firstmemorialfairview.com\/fr\/emplacements\/comte-de-renfrew\/\" \/>\n<meta property=\"og:site_name\" content=\"First Memorial Fair View\" \/>\n<meta property=\"article:modified_time\" content=\"2022-10-18T12:59:31+00:00\" \/>\n<meta property=\"og:image\" content=\"https:\/\/firstmemorialfairview.com\/wp-content\/uploads\/2022\/09\/banner-02.jpg\" \/>\n\t<meta property=\"og:image:width\" content=\"1600\" \/>\n\t<meta property=\"og:image:height\" content=\"300\" \/>\n\t<meta property=\"og:image:type\" content=\"image\/jpeg\" \/>\n<meta name=\"twitter:card\" content=\"summary_large_image\" \/>\n<meta name=\"twitter:label1\" content=\"Dur\u00e9e de lecture estim\u00e9e\" \/>\n\t<meta name=\"twitter:data1\" content=\"10 minutes\" \/>\n<script type=\"application\/ld+json\" class=\"yoast-schema-graph\">{\"@context\":\"https:\\\/\\\/schema.org\",\"@graph\":[{\"@type\":\"WebPage\",\"@id\":\"https:\\\/\\\/firstmemorialfairview.com\\\/fr\\\/emplacements\\\/comte-de-renfrew\\\/\",\"url\":\"https:\\\/\\\/firstmemorialfairview.com\\\/fr\\\/emplacements\\\/comte-de-renfrew\\\/\",\"name\":\"COMT\u00c9 DE RENFREW - First Memorial Fair View\",\"isPartOf\":{\"@id\":\"https:\\\/\\\/firstmemorialfairview.com\\\/fr\\\/#website\"},\"primaryImageOfPage\":{\"@id\":\"https:\\\/\\\/firstmemorialfairview.com\\\/fr\\\/emplacements\\\/comte-de-renfrew\\\/#primaryimage\"},\"image\":{\"@id\":\"https:\\\/\\\/firstmemorialfairview.com\\\/fr\\\/emplacements\\\/comte-de-renfrew\\\/#primaryimage\"},\"thumbnailUrl\":\"https:\\\/\\\/firstmemorialfairview.com\\\/wp-content\\\/uploads\\\/2022\\\/09\\\/banner-02.jpg\",\"datePublished\":\"2022-07-29T07:08:21+00:00\",\"dateModified\":\"2022-10-18T12:59:31+00:00\",\"breadcrumb\":{\"@id\":\"https:\\\/\\\/firstmemorialfairview.com\\\/fr\\\/emplacements\\\/comte-de-renfrew\\\/#breadcrumb\"},\"inLanguage\":\"fr-FR\",\"potentialAction\":[{\"@type\":\"ReadAction\",\"target\":[\"https:\\\/\\\/firstmemorialfairview.com\\\/fr\\\/emplacements\\\/comte-de-renfrew\\\/\"]}]},{\"@type\":\"ImageObject\",\"inLanguage\":\"fr-FR\",\"@id\":\"https:\\\/\\\/firstmemorialfairview.com\\\/fr\\\/emplacements\\\/comte-de-renfrew\\\/#primaryimage\",\"url\":\"https:\\\/\\\/firstmemorialfairview.com\\\/wp-content\\\/uploads\\\/2022\\\/09\\\/banner-02.jpg\",\"contentUrl\":\"https:\\\/\\\/firstmemorialfairview.com\\\/wp-content\\\/uploads\\\/2022\\\/09\\\/banner-02.jpg\",\"width\":1600,\"height\":300,\"caption\":\"banner\"},{\"@type\":\"BreadcrumbList\",\"@id\":\"https:\\\/\\\/firstmemorialfairview.com\\\/fr\\\/emplacements\\\/comte-de-renfrew\\\/#breadcrumb\",\"itemListElement\":[{\"@type\":\"ListItem\",\"position\":1,\"name\":\"Home\",\"item\":\"https:\\\/\\\/firstmemorialfairview.com\\\/fr\\\/homepage\\\/\"},{\"@type\":\"ListItem\",\"position\":2,\"name\":\"Emplacements\",\"item\":\"https:\\\/\\\/firstmemorialfairview.com\\\/fr\\\/emplacements\\\/\"},{\"@type\":\"ListItem\",\"position\":3,\"name\":\"COMT\u00c9 DE RENFREW\"}]},{\"@type\":\"WebSite\",\"@id\":\"https:\\\/\\\/firstmemorialfairview.com\\\/fr\\\/#website\",\"url\":\"https:\\\/\\\/firstmemorialfairview.com\\\/fr\\\/\",\"name\":\"First Memorial Fair View\",\"description\":\"Your SUPER-powered WP Engine Site\",\"publisher\":{\"@id\":\"https:\\\/\\\/firstmemorialfairview.com\\\/fr\\\/#organization\"},\"potentialAction\":[{\"@type\":\"SearchAction\",\"target\":{\"@type\":\"EntryPoint\",\"urlTemplate\":\"https:\\\/\\\/firstmemorialfairview.com\\\/fr\\\/?s={search_term_string}\"},\"query-input\":{\"@type\":\"PropertyValueSpecification\",\"valueRequired\":true,\"valueName\":\"search_term_string\"}}],\"inLanguage\":\"fr-FR\"},{\"@type\":\"Organization\",\"@id\":\"https:\\\/\\\/firstmemorialfairview.com\\\/fr\\\/#organization\",\"name\":\"First Memorial Funeral Services\",\"url\":\"https:\\\/\\\/firstmemorialfairview.com\\\/fr\\\/\",\"logo\":{\"@type\":\"ImageObject\",\"inLanguage\":\"fr-FR\",\"@id\":\"https:\\\/\\\/firstmemorialfairview.com\\\/fr\\\/#\\\/schema\\\/logo\\\/image\\\/\",\"url\":\"https:\\\/\\\/firstmemorialfairview.com\\\/wp-content\\\/uploads\\\/2022\\\/07\\\/logo.png\",\"contentUrl\":\"https:\\\/\\\/firstmemorialfairview.com\\\/wp-content\\\/uploads\\\/2022\\\/07\\\/logo.png\",\"width\":190,\"height\":117,\"caption\":\"First Memorial Funeral Services\"},\"image\":{\"@id\":\"https:\\\/\\\/firstmemorialfairview.com\\\/fr\\\/#\\\/schema\\\/logo\\\/image\\\/\"}}]}<\/script>\n<!-- \/ Yoast SEO plugin. -->","yoast_head_json":{"title":"COMT\u00c9 DE RENFREW - First Memorial Fair View","robots":{"index":"index","follow":"follow","max-snippet":"max-snippet:-1","max-image-preview":"max-image-preview:large","max-video-preview":"max-video-preview:-1"},"canonical":"https:\/\/firstmemorialfairview.com\/fr\/emplacements\/comte-de-renfrew\/","og_locale":"fr_FR","og_type":"article","og_title":"COMT\u00c9 DE RENFREW - First Memorial Fair View","og_url":"https:\/\/firstmemorialfairview.com\/fr\/emplacements\/comte-de-renfrew\/","og_site_name":"First Memorial Fair View","article_modified_time":"2022-10-18T12:59:31+00:00","og_image":[{"width":1600,"height":300,"url":"https:\/\/firstmemorialfairview.com\/wp-content\/uploads\/2022\/09\/banner-02.jpg","type":"image\/jpeg"}],"twitter_card":"summary_large_image","twitter_misc":{"Dur\u00e9e de lecture estim\u00e9e":"10 minutes"},"schema":{"@context":"https:\/\/schema.org","@graph":[{"@type":"WebPage","@id":"https:\/\/firstmemorialfairview.com\/fr\/emplacements\/comte-de-renfrew\/","url":"https:\/\/firstmemorialfairview.com\/fr\/emplacements\/comte-de-renfrew\/","name":"COMT\u00c9 DE RENFREW - First Memorial Fair View","isPartOf":{"@id":"https:\/\/firstmemorialfairview.com\/fr\/#website"},"primaryImageOfPage":{"@id":"https:\/\/firstmemorialfairview.com\/fr\/emplacements\/comte-de-renfrew\/#primaryimage"},"image":{"@id":"https:\/\/firstmemorialfairview.com\/fr\/emplacements\/comte-de-renfrew\/#primaryimage"},"thumbnailUrl":"https:\/\/firstmemorialfairview.com\/wp-content\/uploads\/2022\/09\/banner-02.jpg","datePublished":"2022-07-29T07:08:21+00:00","dateModified":"2022-10-18T12:59:31+00:00","breadcrumb":{"@id":"https:\/\/firstmemorialfairview.com\/fr\/emplacements\/comte-de-renfrew\/#breadcrumb"},"inLanguage":"fr-FR","potentialAction":[{"@type":"ReadAction","target":["https:\/\/firstmemorialfairview.com\/fr\/emplacements\/comte-de-renfrew\/"]}]},{"@type":"ImageObject","inLanguage":"fr-FR","@id":"https:\/\/firstmemorialfairview.com\/fr\/emplacements\/comte-de-renfrew\/#primaryimage","url":"https:\/\/firstmemorialfairview.com\/wp-content\/uploads\/2022\/09\/banner-02.jpg","contentUrl":"https:\/\/firstmemorialfairview.com\/wp-content\/uploads\/2022\/09\/banner-02.jpg","width":1600,"height":300,"caption":"banner"},{"@type":"BreadcrumbList","@id":"https:\/\/firstmemorialfairview.com\/fr\/emplacements\/comte-de-renfrew\/#breadcrumb","itemListElement":[{"@type":"ListItem","position":1,"name":"Home","item":"https:\/\/firstmemorialfairview.com\/fr\/homepage\/"},{"@type":"ListItem","position":2,"name":"Emplacements","item":"https:\/\/firstmemorialfairview.com\/fr\/emplacements\/"},{"@type":"ListItem","position":3,"name":"COMT\u00c9 DE RENFREW"}]},{"@type":"WebSite","@id":"https:\/\/firstmemorialfairview.com\/fr\/#website","url":"https:\/\/firstmemorialfairview.com\/fr\/","name":"First Memorial Fair View","description":"Your SUPER-powered WP Engine Site","publisher":{"@id":"https:\/\/firstmemorialfairview.com\/fr\/#organization"},"potentialAction":[{"@type":"SearchAction","target":{"@type":"EntryPoint","urlTemplate":"https:\/\/firstmemorialfairview.com\/fr\/?s={search_term_string}"},"query-input":{"@type":"PropertyValueSpecification","valueRequired":true,"valueName":"search_term_string"}}],"inLanguage":"fr-FR"},{"@type":"Organization","@id":"https:\/\/firstmemorialfairview.com\/fr\/#organization","name":"First Memorial Funeral Services","url":"https:\/\/firstmemorialfairview.com\/fr\/","logo":{"@type":"ImageObject","inLanguage":"fr-FR","@id":"https:\/\/firstmemorialfairview.com\/fr\/#\/schema\/logo\/image\/","url":"https:\/\/firstmemorialfairview.com\/wp-content\/uploads\/2022\/07\/logo.png","contentUrl":"https:\/\/firstmemorialfairview.com\/wp-content\/uploads\/2022\/07\/logo.png","width":190,"height":117,"caption":"First Memorial Funeral Services"},"image":{"@id":"https:\/\/firstmemorialfairview.com\/fr\/#\/schema\/logo\/image\/"}}]}},"_links":{"self":[{"href":"https:\/\/firstmemorialfairview.com\/fr\/wp-json\/wp\/v2\/pages\/14289","targetHints":{"allow":["GET"]}}],"collection":[{"href":"https:\/\/firstmemorialfairview.com\/fr\/wp-json\/wp\/v2\/pages"}],"about":[{"href":"https:\/\/firstmemorialfairview.com\/fr\/wp-json\/wp\/v2\/types\/page"}],"author":[{"embeddable":true,"href":"https:\/\/firstmemorialfairview.com\/fr\/wp-json\/wp\/v2\/users\/1"}],"replies":[{"embeddable":true,"href":"https:\/\/firstmemorialfairview.com\/fr\/wp-json\/wp\/v2\/comments?post=14289"}],"version-history":[{"count":0,"href":"https:\/\/firstmemorialfairview.com\/fr\/wp-json\/wp\/v2\/pages\/14289\/revisions"}],"up":[{"embeddable":true,"href":"https:\/\/firstmemorialfairview.com\/fr\/wp-json\/wp\/v2\/pages\/14327"}],"wp:featuredmedia":[{"embeddable":true,"href":"https:\/\/firstmemorialfairview.com\/fr\/wp-json\/wp\/v2\/media\/14048"}],"wp:attachment":[{"href":"https:\/\/firstmemorialfairview.com\/fr\/wp-json\/wp\/v2\/media?parent=14289"}],"curies":[{"name":"wp","href":"https:\/\/api.w.org\/{rel}","templated":true}]}}